{"id":149,"date":"2025-07-13T08:54:27","date_gmt":"2025-07-13T08:54:27","guid":{"rendered":"https:\/\/casa-azul-dr.com\/?page_id=149"},"modified":"2025-07-23T14:56:15","modified_gmt":"2025-07-23T14:56:15","slug":"testimonials","status":"publish","type":"page","link":"https:\/\/casa-azul-dr.com\/de\/testimonials\/","title":{"rendered":"Testimonials"},"content":{"rendered":"<div data-elementor-type=\"wp-page\" data-elementor-id=\"149\" class=\"elementor elementor-149\" data-elementor-post-type=\"page\">\n\t\t\t\t<div class=\"elementor-element elementor-element-79f45ee e-con-full e-flex e-con e-parent\" data-id=\"79f45ee\" data-element_type=\"container\" data-e-type=\"container\" data-settings=\"{&quot;background_background&quot;:&quot;classic&quot;}\">\n\t\t\t\t<div class=\"elementor-element elementor-element-396cb26 elementor-widget__width-initial elementor-widget elementor-widget-heading\" data-id=\"396cb26\" data-element_type=\"widget\" data-e-type=\"widget\" data-widget_type=\"heading.default\">\n\t\t\t\t<div class=\"elementor-widget-container\">\n\t\t\t\t\t<h2 class=\"elementor-heading-title elementor-size-default\">Empfehlungsschreiben\n<\/h2>\t\t\t\t<\/div>\n\t\t\t\t<\/div>\n\t\t\t\t<div class=\"elementor-element elementor-element-c26f9b0 elementor-widget elementor-widget-text-editor\" data-id=\"c26f9b0\" data-element_type=\"widget\" data-e-type=\"widget\" data-widget_type=\"text-editor.default\">\n\t\t\t\t<div class=\"elementor-widget-container\">\n\t\t\t\t\t\t\t\t\t<p class=\"x-el x-el-h1 c1-23 c1-2 c1-1r c1-1s c1-6c c1-39 c1-3a c1-25 c1-6d c1-4s c1-1j c1-4x c1-5o c1-2j c1-6e c1-5p c1-5q c1-5r c1-5s\" role=\"heading\" aria-level=\"1\" data-ux=\"SectionHeading\" data-aid=\"CONTENT_SECTION_TITLE_RENDERED\" data-promoted-from=\"2\" data-order=\"0\" data-typography=\"HeadingGamma\" data-font-scaled=\"true\"><span class=\"\" data-ux=\"Element\">Entdecken Sie, warum unsere G\u00e4ste Casa Azul lieben<\/span><\/p><div class=\"x-el x-el-div x-el c1-1 c1-2 c1-1g c1-1f c1-b c1-c c1-6j c1-6k c1-d c1-e c1-f c1-g c1-1 c1-2 c1-19 c1-6l c1-6m c1-6n c1-25 c1-6o c1-6p c1-6q c1-b c1-c c1-6r c1-6s c1-6t c1-6u c1-d c1-e c1-f c1-g\" data-ux=\"ContentCards\"><div class=\"x-el x-el-div c1-1 c1-2 c1-6l c1-6v c1-6w c1-6x c1-z c1-3e c1-6y c1-37 c1-6z c1-19 c1-b c1-c c1-70 c1-71 c1-72 c1-73 c1-74 c1-75 c1-d c1-e c1-f c1-g\" data-ux=\"GridCell\"><div class=\"x-el x-el-div x-el c1-1 c1-2 c1-s c1-19 c1-5i c1-1b c1-1g c1-1d c1-4 c1-76 c1-77 c1-78 c1-6v c1-56 c1-17 c1-16 c1-b c1-c c1-6j c1-6k c1-d c1-e c1-f c1-g c1-1 c1-2 c1-b c1-c c1-d c1-e c1-f c1-g\" data-ux=\"ContentCard\"><div class=\"x-el x-el-div c1-1 c1-2 c1-4 c1-s c1-79 c1-b c1-c c1-7a c1-d c1-15 c1-e c1-f c1-g\" data-ux=\"Block\">\u00a0<\/div><\/div><\/div><\/div>\t\t\t\t\t\t\t\t<\/div>\n\t\t\t\t<\/div>\n\t\t\t\t<\/div>\n\t\t<div class=\"elementor-element elementor-element-f710142 e-con-full e-flex e-con e-parent\" data-id=\"f710142\" data-element_type=\"container\" data-e-type=\"container\">\n\t\t<div class=\"elementor-element elementor-element-63b2495 e-con-full e-flex e-con e-child\" data-id=\"63b2495\" data-element_type=\"container\" data-e-type=\"container\">\n\t\t<div class=\"elementor-element elementor-element-366f2f4 e-con-full e-flex elementor-invisible e-con e-child\" data-id=\"366f2f4\" data-element_type=\"container\" data-e-type=\"container\" data-settings=\"{&quot;background_background&quot;:&quot;classic&quot;,&quot;animation&quot;:&quot;zoomIn&quot;}\">\n\t\t\t\t<div class=\"elementor-element elementor-element-671ec06 elementor-view-default elementor-widget elementor-widget-icon\" data-id=\"671ec06\" data-element_type=\"widget\" data-e-type=\"widget\" data-widget_type=\"icon.default\">\n\t\t\t\t<div class=\"elementor-widget-container\">\n\t\t\t\t\t\t\t<div class=\"elementor-icon-wrapper\">\n\t\t\t<div class=\"elementor-icon\">\n\t\t\t<i aria-hidden=\"true\" class=\"fas fa-quote-right\"><\/i>\t\t\t<\/div>\n\t\t<\/div>\n\t\t\t\t\t\t<\/div>\n\t\t\t\t<\/div>\n\t\t\t\t<div class=\"elementor-element elementor-element-c27f8b2 elementor-widget elementor-widget-testimonial\" data-id=\"c27f8b2\" data-element_type=\"widget\" data-e-type=\"widget\" data-widget_type=\"testimonial.default\">\n\t\t\t\t<div class=\"elementor-widget-container\">\n\t\t\t\t\t\t\t<div class=\"elementor-testimonial-wrapper\">\n\t\t\t\t\t\t\t<div class=\"elementor-testimonial-content\">Toller Ort zum Verweilen. Lage im Resortbereich. Alle Annehmlichkeiten vorhanden. Durchdachte Details. Reichlich Essen und Einkaufsm\u00f6glichkeiten. Der Pool war sehr sch\u00f6n. Der Bereich sauber. M\u00f6bel sch\u00f6n. Bequeme Bed\u00fcrfnisse mit vielen Kissen. Extra Handt\u00fccher f\u00fcr Bad und Pool. Top der Linie Unterk\u00fcnfte. Der Gastgeber war so nett und zuvorkommend. Tolle Kommunikation. Ein Buch mit allen n\u00f6tigen Informationen. Sie m\u00fcssen f\u00fcr Ihren Stromverbrauch bezahlen. Es war nett, den Z\u00e4hler in der Mitte der Woche ablesen zu lassen, um eine Vorstellung von den Verbrauchskosten zu bekommen. Vielen Dank f\u00fcr einen tollen Aufenthalt! Wir werden def bleiben hier wieder.<\/div>\n\t\t\t\n\t\t\t\t\t\t<div class=\"elementor-testimonial-meta\">\n\t\t\t\t<div class=\"elementor-testimonial-meta-inner\">\n\t\t\t\t\t\n\t\t\t\t\t\t\t\t\t\t<div class=\"elementor-testimonial-details\">\n\t\t\t\t\t\t\t\t\t\t\t\t\t\t<div class=\"elementor-testimonial-name\">Lisa<\/div>\n\t\t\t\t\t\t\t\t\t\t\t\t\t\t\t\t\t\t\t<\/div>\n\t\t\t\t\t\t\t\t\t<\/div>\n\t\t\t<\/div>\n\t\t\t\t\t<\/div>\n\t\t\t\t\t\t<\/div>\n\t\t\t\t<\/div>\n\t\t\t\t<\/div>\n\t\t<div class=\"elementor-element elementor-element-9e3c187 e-con-full e-flex elementor-invisible e-con e-child\" data-id=\"9e3c187\" data-element_type=\"container\" data-e-type=\"container\" data-settings=\"{&quot;background_background&quot;:&quot;classic&quot;,&quot;animation&quot;:&quot;zoomIn&quot;}\">\n\t\t\t\t<div class=\"elementor-element elementor-element-27bee6f elementor-view-default elementor-widget elementor-widget-icon\" data-id=\"27bee6f\" data-element_type=\"widget\" data-e-type=\"widget\" data-widget_type=\"icon.default\">\n\t\t\t\t<div class=\"elementor-widget-container\">\n\t\t\t\t\t\t\t<div class=\"elementor-icon-wrapper\">\n\t\t\t<div class=\"elementor-icon\">\n\t\t\t<i aria-hidden=\"true\" class=\"fas fa-quote-right\"><\/i>\t\t\t<\/div>\n\t\t<\/div>\n\t\t\t\t\t\t<\/div>\n\t\t\t\t<\/div>\n\t\t\t\t<div class=\"elementor-element elementor-element-c7d8b6f elementor-widget elementor-widget-testimonial\" data-id=\"c7d8b6f\" data-element_type=\"widget\" data-e-type=\"widget\" data-widget_type=\"testimonial.default\">\n\t\t\t\t<div class=\"elementor-widget-container\">\n\t\t\t\t\t\t\t<div class=\"elementor-testimonial-wrapper\">\n\t\t\t\t\t\t\t<div class=\"elementor-testimonial-content\">Mein Mann und ich blieben in diesem Airbnb im Mai 2023 f\u00fcr zwei Wochen. Ich konnte unser Gl\u00fcck nicht fassen! V\u00f6llig renoviert zwei Schlafzimmer zwei Badezimmer Eigentumswohnung. Die Wohnung ist wundersch\u00f6n eingerichtet, super sauber und sehr gut ausgestattet. Wir f\u00fchlten uns wie zu Hause, sogar noch besser.  Es gibt drei Balkone, der Hauptbalkon bietet einen herrlichen Blick auf den Pool. Die Anlage ist sch\u00f6n und sehr sicher. Wir sind \u00fcberall zu Fu\u00df hingegangen, es dauerte etwa 5 Minuten, um zum Strand, zu Restaurants, einem Minimarkt und Bars zu gehen. Man braucht kein Auto. Wir freuen uns schon darauf, n\u00e4chstes Jahr wiederzukommen! \"<\/div>\n\t\t\t\n\t\t\t\t\t\t<div class=\"elementor-testimonial-meta\">\n\t\t\t\t<div class=\"elementor-testimonial-meta-inner\">\n\t\t\t\t\t\n\t\t\t\t\t\t\t\t\t\t<div class=\"elementor-testimonial-details\">\n\t\t\t\t\t\t\t\t\t\t\t\t\t\t<div class=\"elementor-testimonial-name\">Stephanie<\/div>\n\t\t\t\t\t\t\t\t\t\t\t\t\t\t\t\t\t\t\t<\/div>\n\t\t\t\t\t\t\t\t\t<\/div>\n\t\t\t<\/div>\n\t\t\t\t\t<\/div>\n\t\t\t\t\t\t<\/div>\n\t\t\t\t<\/div>\n\t\t\t\t<\/div>\n\t\t\t\t<\/div>\n\t\t<div class=\"elementor-element elementor-element-344c3ba e-con-full e-flex e-con e-child\" data-id=\"344c3ba\" data-element_type=\"container\" data-e-type=\"container\">\n\t\t<div class=\"elementor-element elementor-element-fba5581 e-con-full e-flex elementor-invisible e-con e-child\" data-id=\"fba5581\" data-element_type=\"container\" data-e-type=\"container\" data-settings=\"{&quot;background_background&quot;:&quot;classic&quot;,&quot;animation&quot;:&quot;zoomIn&quot;}\">\n\t\t\t\t<div class=\"elementor-element elementor-element-ad4a44c elementor-view-default elementor-widget elementor-widget-icon\" data-id=\"ad4a44c\" data-element_type=\"widget\" data-e-type=\"widget\" data-widget_type=\"icon.default\">\n\t\t\t\t<div class=\"elementor-widget-container\">\n\t\t\t\t\t\t\t<div class=\"elementor-icon-wrapper\">\n\t\t\t<div class=\"elementor-icon\">\n\t\t\t<i aria-hidden=\"true\" class=\"fas fa-quote-right\"><\/i>\t\t\t<\/div>\n\t\t<\/div>\n\t\t\t\t\t\t<\/div>\n\t\t\t\t<\/div>\n\t\t\t\t<div class=\"elementor-element elementor-element-f9a4f15 elementor-widget elementor-widget-testimonial\" data-id=\"f9a4f15\" data-element_type=\"widget\" data-e-type=\"widget\" data-widget_type=\"testimonial.default\">\n\t\t\t\t<div class=\"elementor-widget-container\">\n\t\t\t\t\t\t\t<div class=\"elementor-testimonial-wrapper\">\n\t\t\t\t\t\t\t<div class=\"elementor-testimonial-content\">Eugenie hat sehr schnell auf Nachrichten reagiert und war bei all unseren Anfragen sehr hilfreich. Sie bot sogar an, den Transport zum und vom Flughafen zu organisieren. Die Wohnung ist wundersch\u00f6n. Es gibt einen sch\u00f6nen, sauberen Pool direkt am Fu\u00df der Treppe und der Strand ist nur zehn Minuten zu Fu\u00df entfernt. Die K\u00fcche war gut ausgestattet, was perfekt war, da wir die meisten unserer Mahlzeiten selbst zubereiten wollten. Wir haben unseren Aufenthalt genossen!<\/div>\n\t\t\t\n\t\t\t\t\t\t<div class=\"elementor-testimonial-meta\">\n\t\t\t\t<div class=\"elementor-testimonial-meta-inner\">\n\t\t\t\t\t\n\t\t\t\t\t\t\t\t\t\t<div class=\"elementor-testimonial-details\">\n\t\t\t\t\t\t\t\t\t\t\t\t\t\t<div class=\"elementor-testimonial-name\">Beth<\/div>\n\t\t\t\t\t\t\t\t\t\t\t\t\t\t\t\t\t\t\t<\/div>\n\t\t\t\t\t\t\t\t\t<\/div>\n\t\t\t<\/div>\n\t\t\t\t\t<\/div>\n\t\t\t\t\t\t<\/div>\n\t\t\t\t<\/div>\n\t\t\t\t<\/div>\n\t\t<div class=\"elementor-element elementor-element-c6b7f32 e-con-full e-flex elementor-invisible e-con e-child\" data-id=\"c6b7f32\" data-element_type=\"container\" data-e-type=\"container\" data-settings=\"{&quot;background_background&quot;:&quot;classic&quot;,&quot;animation&quot;:&quot;zoomIn&quot;}\">\n\t\t\t\t<div class=\"elementor-element elementor-element-bc0d390 elementor-view-default elementor-widget elementor-widget-icon\" data-id=\"bc0d390\" data-element_type=\"widget\" data-e-type=\"widget\" data-widget_type=\"icon.default\">\n\t\t\t\t<div class=\"elementor-widget-container\">\n\t\t\t\t\t\t\t<div class=\"elementor-icon-wrapper\">\n\t\t\t<div class=\"elementor-icon\">\n\t\t\t<i aria-hidden=\"true\" class=\"fas fa-quote-right\"><\/i>\t\t\t<\/div>\n\t\t<\/div>\n\t\t\t\t\t\t<\/div>\n\t\t\t\t<\/div>\n\t\t\t\t<div class=\"elementor-element elementor-element-45534c7 elementor-widget elementor-widget-testimonial\" data-id=\"45534c7\" data-element_type=\"widget\" data-e-type=\"widget\" data-widget_type=\"testimonial.default\">\n\t\t\t\t<div class=\"elementor-widget-container\">\n\t\t\t\t\t\t\t<div class=\"elementor-testimonial-wrapper\">\n\t\t\t\t\t\t\t<div class=\"elementor-testimonial-content\">Mein Aufenthalt war fantastisch, ich habe mich wie zu Hause gef\u00fchlt, ruhige Gegend zum Ausruhen, viele Orte in der N\u00e4he, die man sowohl tags\u00fcber als auch abends genie\u00dfen kann, Eugenie als au\u00dfergew\u00f6hnliche Gastgeberin, die alle unsere W\u00fcnsche schnell erf\u00fcllt hat, ich empfehle es auf jeden Fall und nat\u00fcrlich w\u00fcrde ich meine Erfahrung wiederholen.<\/div>\n\t\t\t\n\t\t\t\t\t\t<div class=\"elementor-testimonial-meta\">\n\t\t\t\t<div class=\"elementor-testimonial-meta-inner\">\n\t\t\t\t\t\n\t\t\t\t\t\t\t\t\t\t<div class=\"elementor-testimonial-details\">\n\t\t\t\t\t\t\t\t\t\t\t\t\t\t<div class=\"elementor-testimonial-name\">Ana<\/div>\n\t\t\t\t\t\t\t\t\t\t\t\t\t\t\t\t\t\t\t<\/div>\n\t\t\t\t\t\t\t\t\t<\/div>\n\t\t\t<\/div>\n\t\t\t\t\t<\/div>\n\t\t\t\t\t\t<\/div>\n\t\t\t\t<\/div>\n\t\t\t\t<\/div>\n\t\t\t\t<\/div>\n\t\t<div class=\"elementor-element elementor-element-df12ce4 e-con-full e-flex e-con e-child\" data-id=\"df12ce4\" data-element_type=\"container\" data-e-type=\"container\">\n\t\t<div class=\"elementor-element elementor-element-3386635 e-con-full e-flex elementor-invisible e-con e-child\" data-id=\"3386635\" data-element_type=\"container\" data-e-type=\"container\" data-settings=\"{&quot;background_background&quot;:&quot;classic&quot;,&quot;animation&quot;:&quot;zoomIn&quot;}\">\n\t\t\t\t<div class=\"elementor-element elementor-element-b85d2aa elementor-view-default elementor-widget elementor-widget-icon\" data-id=\"b85d2aa\" data-element_type=\"widget\" data-e-type=\"widget\" data-widget_type=\"icon.default\">\n\t\t\t\t<div class=\"elementor-widget-container\">\n\t\t\t\t\t\t\t<div class=\"elementor-icon-wrapper\">\n\t\t\t<div class=\"elementor-icon\">\n\t\t\t<i aria-hidden=\"true\" class=\"fas fa-quote-right\"><\/i>\t\t\t<\/div>\n\t\t<\/div>\n\t\t\t\t\t\t<\/div>\n\t\t\t\t<\/div>\n\t\t\t\t<div class=\"elementor-element elementor-element-cfceba8 elementor-widget elementor-widget-testimonial\" data-id=\"cfceba8\" data-element_type=\"widget\" data-e-type=\"widget\" data-widget_type=\"testimonial.default\">\n\t\t\t\t<div class=\"elementor-widget-container\">\n\t\t\t\t\t\t\t<div class=\"elementor-testimonial-wrapper\">\n\t\t\t\t\t\t\t<div class=\"elementor-testimonial-content\">Letzten November mieteten mein Mann und ich eine fabelhafte Eigentumswohnung mit zwei Schlafzimmern in Punta Cana namens Casa Azul. Sie war komplett neu renoviert und vollst\u00e4ndig eingerichtet. Sie hatte zwei Schlafzimmer und zwei B\u00e4der, einen gro\u00dfartigen Wohnraum und eine tolle K\u00fcche. Alles war brandneu! Es befindet sich in einer ruhigen Anlage mit Blick auf einen riesigen Pool. Der riesige Poolbereich ist wundersch\u00f6n gestaltet und mit bequemen St\u00fchlen, Tischen und Sonnenschirmen ausgestattet. Es wurde nichts dem Zufall \u00fcberlassen. Es war ein erstaunlicher Ort, an den wir nicht warten k\u00f6nnen, um zur\u00fcckzukehren. Es ist in der N\u00e4he von gro\u00dfen kleinen Restaurants und 5 Minuten zu Fu\u00df zum Strand!   Sehr zu empfehlen!   <\/div>\n\t\t\t\n\t\t\t\t\t\t<div class=\"elementor-testimonial-meta\">\n\t\t\t\t<div class=\"elementor-testimonial-meta-inner\">\n\t\t\t\t\t\n\t\t\t\t\t\t\t\t\t\t<div class=\"elementor-testimonial-details\">\n\t\t\t\t\t\t\t\t\t\t\t\t\t\t<div class=\"elementor-testimonial-name\">Merle<\/div>\n\t\t\t\t\t\t\t\t\t\t\t\t\t\t\t\t\t\t\t<\/div>\n\t\t\t\t\t\t\t\t\t<\/div>\n\t\t\t<\/div>\n\t\t\t\t\t<\/div>\n\t\t\t\t\t\t<\/div>\n\t\t\t\t<\/div>\n\t\t\t\t<\/div>\n\t\t<div class=\"elementor-element elementor-element-e1d00d2 e-con-full e-flex elementor-invisible e-con e-child\" data-id=\"e1d00d2\" data-element_type=\"container\" data-e-type=\"container\" data-settings=\"{&quot;background_background&quot;:&quot;classic&quot;,&quot;animation&quot;:&quot;zoomIn&quot;}\">\n\t\t\t\t<div class=\"elementor-element elementor-element-e740159 elementor-view-default elementor-widget elementor-widget-icon\" data-id=\"e740159\" data-element_type=\"widget\" data-e-type=\"widget\" data-widget_type=\"icon.default\">\n\t\t\t\t<div class=\"elementor-widget-container\">\n\t\t\t\t\t\t\t<div class=\"elementor-icon-wrapper\">\n\t\t\t<div class=\"elementor-icon\">\n\t\t\t<i aria-hidden=\"true\" class=\"fas fa-quote-right\"><\/i>\t\t\t<\/div>\n\t\t<\/div>\n\t\t\t\t\t\t<\/div>\n\t\t\t\t<\/div>\n\t\t\t\t<div class=\"elementor-element elementor-element-bfa6f97 elementor-widget elementor-widget-testimonial\" data-id=\"bfa6f97\" data-element_type=\"widget\" data-e-type=\"widget\" data-widget_type=\"testimonial.default\">\n\t\t\t\t<div class=\"elementor-widget-container\">\n\t\t\t\t\t\t\t<div class=\"elementor-testimonial-wrapper\">\n\t\t\t\t\t\t\t<div class=\"elementor-testimonial-content\">Ich habe es geliebt. Es ist genau beschrieben und Bilder. Werden wieder dort \u00fcbernachten. Alles zu Fu\u00df erreichbar. Eugenie ist die beste und hilfsbereiteste. Es war, als w\u00e4re man zu Hause. Der Apartmentkomplex war sauber und die anderen Bewohner waren auch sehr freundlich.<\/div>\n\t\t\t\n\t\t\t\t\t\t<div class=\"elementor-testimonial-meta\">\n\t\t\t\t<div class=\"elementor-testimonial-meta-inner\">\n\t\t\t\t\t\n\t\t\t\t\t\t\t\t\t\t<div class=\"elementor-testimonial-details\">\n\t\t\t\t\t\t\t\t\t\t\t\t\t\t<div class=\"elementor-testimonial-name\">Christine<\/div>\n\t\t\t\t\t\t\t\t\t\t\t\t\t\t\t\t\t\t\t<\/div>\n\t\t\t\t\t\t\t\t\t<\/div>\n\t\t\t<\/div>\n\t\t\t\t\t<\/div>\n\t\t\t\t\t\t<\/div>\n\t\t\t\t<\/div>\n\t\t\t\t<\/div>\n\t\t\t\t<\/div>\n\t\t\t\t<\/div>\n\t\t\t\t<\/div>","protected":false},"excerpt":{"rendered":"<p>testimonials Discover Why Our Guests Love Casa Azul \u00a0 Great place to stay. Location in the resort area. All amenities available. Thoughtful touches. Plenty of food and shopping. The pool was so nice. The area clean. Furniture nice. Comfy needs with plenty pillows. Extra towels for bath and pool. Top of the line accommodations. The [&hellip;]<\/p>\n","protected":false},"author":2,"featured_media":0,"parent":0,"menu_order":0,"comment_status":"closed","ping_status":"closed","template":"","meta":{"footnotes":""},"class_list":["post-149","page","type-page","status-publish","hentry"],"_links":{"self":[{"href":"https:\/\/casa-azul-dr.com\/de\/wp-json\/wp\/v2\/pages\/149","targetHints":{"allow":["GET"]}}],"collection":[{"href":"https:\/\/casa-azul-dr.com\/de\/wp-json\/wp\/v2\/pages"}],"about":[{"href":"https:\/\/casa-azul-dr.com\/de\/wp-json\/wp\/v2\/types\/page"}],"author":[{"embeddable":true,"href":"https:\/\/casa-azul-dr.com\/de\/wp-json\/wp\/v2\/users\/2"}],"replies":[{"embeddable":true,"href":"https:\/\/casa-azul-dr.com\/de\/wp-json\/wp\/v2\/comments?post=149"}],"version-history":[{"count":88,"href":"https:\/\/casa-azul-dr.com\/de\/wp-json\/wp\/v2\/pages\/149\/revisions"}],"predecessor-version":[{"id":1884,"href":"https:\/\/casa-azul-dr.com\/de\/wp-json\/wp\/v2\/pages\/149\/revisions\/1884"}],"wp:attachment":[{"href":"https:\/\/casa-azul-dr.com\/de\/wp-json\/wp\/v2\/media?parent=149"}],"curies":[{"name":"wp","href":"https:\/\/api.w.org\/{rel}","templated":true}]}}