{"id":1530,"date":"2025-07-18T15:20:10","date_gmt":"2025-07-18T15:20:10","guid":{"rendered":"https:\/\/casa-azul-dr.com\/?post_type=product&#038;p=1530"},"modified":"2025-07-18T15:43:41","modified_gmt":"2025-07-18T15:43:41","slug":"discover-casa-azul","status":"publish","type":"product","link":"https:\/\/casa-azul-dr.com\/de\/produkt\/discover-casa-azul\/","title":{"rendered":"Casa Azul entdecken"},"content":{"rendered":"<p>Unsere neu renovierte Wohnung mit 2 Schlafzimmern und 2 B\u00e4dern bietet Ihnen Komfort w\u00e4hrend Ihres Aufenthalts und empf\u00e4ngt Sie mit einer wundersch\u00f6n gestalteten Umgebung f\u00fcr ein ruhiges und friedliches Ambiente. Genie\u00dfen Sie High-Speed-Wi-Fi und Kabel-TV, und f\u00fchlen Sie sich frei, ein Bad im Pool zu nehmen, w\u00e4hrend die Nutzung der Liegefl\u00e4chen. Seien Sie versichert, dass unsere Wohnung in einer bewachten und sicheren Anlage liegt, die rund um die Uhr bewacht wird. Wir sind sehr stolz darauf, unseren G\u00e4sten einen sauberen und einladenden Ort zu bieten. Wir sind nur 5 Minuten zu Fu\u00df vom Strand entfernt und in der N\u00e4he von vielen Bars, Restaurants und M\u00e4rkten, wo Sie in die pulsierende Atmosph\u00e4re von Punta Cana eintauchen k\u00f6nnen.<\/p>","protected":false},"excerpt":{"rendered":"<p>Our newly completely renovated 2-bedroom, 2-bathroom condo will provide you with comfort during your stay, and greet you with beautifully landscaped surroundings for a serene and peaceful ambiance. Enjoy high-speed Wi-Fi and cable TV, and feel free to take a dip in the pool while making use of the lounging areas. Rest assured, our condo [&hellip;]<\/p>\n","protected":false},"featured_media":271,"comment_status":"open","ping_status":"closed","template":"","meta":[],"product_brand":[],"product_cat":[29],"product_tag":[],"class_list":{"0":"post-1530","1":"product","2":"type-product","3":"status-publish","4":"has-post-thumbnail","6":"product_cat-uncategorized","8":"first","9":"instock","10":"virtual","11":"sold-individually","12":"purchasable","13":"product-type-booking"},"_links":{"self":[{"href":"https:\/\/casa-azul-dr.com\/de\/wp-json\/wp\/v2\/product\/1530","targetHints":{"allow":["GET"]}}],"collection":[{"href":"https:\/\/casa-azul-dr.com\/de\/wp-json\/wp\/v2\/product"}],"about":[{"href":"https:\/\/casa-azul-dr.com\/de\/wp-json\/wp\/v2\/types\/product"}],"replies":[{"embeddable":true,"href":"https:\/\/casa-azul-dr.com\/de\/wp-json\/wp\/v2\/comments?post=1530"}],"wp:featuredmedia":[{"embeddable":true,"href":"https:\/\/casa-azul-dr.com\/de\/wp-json\/wp\/v2\/media\/271"}],"wp:attachment":[{"href":"https:\/\/casa-azul-dr.com\/de\/wp-json\/wp\/v2\/media?parent=1530"}],"wp:term":[{"taxonomy":"product_brand","embeddable":true,"href":"https:\/\/casa-azul-dr.com\/de\/wp-json\/wp\/v2\/product_brand?post=1530"},{"taxonomy":"product_cat","embeddable":true,"href":"https:\/\/casa-azul-dr.com\/de\/wp-json\/wp\/v2\/product_cat?post=1530"},{"taxonomy":"product_tag","embeddable":true,"href":"https:\/\/casa-azul-dr.com\/de\/wp-json\/wp\/v2\/product_tag?post=1530"}],"curies":[{"name":"wp","href":"https:\/\/api.w.org\/{rel}","templated":true}]}}