{"id":147,"date":"2025-07-13T08:53:57","date_gmt":"2025-07-13T08:53:57","guid":{"rendered":"https:\/\/casa-azul-dr.com\/?page_id=147"},"modified":"2025-07-18T21:36:14","modified_gmt":"2025-07-18T21:36:14","slug":"gallery","status":"publish","type":"page","link":"https:\/\/casa-azul-dr.com\/es\/gallery\/","title":{"rendered":"Galer\u00eda"},"content":{"rendered":"<div data-elementor-type=\"wp-page\" data-elementor-id=\"147\" class=\"elementor elementor-147\" data-elementor-post-type=\"page\">\n\t\t\t\t<div class=\"elementor-element elementor-element-35cb3b2 e-con-full e-flex e-con e-parent\" data-id=\"35cb3b2\" data-element_type=\"container\" data-e-type=\"container\" data-settings=\"{&quot;background_background&quot;:&quot;classic&quot;}\">\n\t\t\t\t<div class=\"elementor-element elementor-element-6866076 elementor-widget__width-initial elementor-widget elementor-widget-heading\" data-id=\"6866076\" data-element_type=\"widget\" data-e-type=\"widget\" data-widget_type=\"heading.default\">\n\t\t\t\t<div class=\"elementor-widget-container\">\n\t\t\t\t\t<h2 class=\"elementor-heading-title elementor-size-default\">Galer\u00eda\n<\/h2>\t\t\t\t<\/div>\n\t\t\t\t<\/div>\n\t\t\t\t<div class=\"elementor-element elementor-element-a5ad705 elementor-widget elementor-widget-text-editor\" data-id=\"a5ad705\" data-element_type=\"widget\" data-e-type=\"widget\" data-widget_type=\"text-editor.default\">\n\t\t\t\t<div class=\"elementor-widget-container\">\n\t\t\t\t\t\t\t\t\t<div class=\"x-el x-el-div c1-1 c1-2 c1-v c1-w c1-x c1-y c1-z c1-b c1-c c1-10 c1-d c1-11 c1-e c1-12 c1-f c1-13 c1-g\" data-ux=\"Container\"><p class=\"x-el x-el-h1 c1-6c c1-2 c1-1r c1-1s c1-6d c1-39 c1-3a c1-25 c1-6e c1-4s c1-b c1-4x c1-64 c1-2j c1-6f c1-66 c1-68 c1-69 c1-6a\" role=\"heading\" aria-level=\"1\" data-ux=\"SectionHeading\" data-aid=\"GALLERY_SECTION_TITLE_RENDERED\" data-promoted-from=\"2\" data-order=\"0\" data-typography=\"HeadingDelta\" data-font-scaled=\"true\"><span class=\"\" data-ux=\"Element\">Insp\u00edrese con la galer\u00eda de Casa Azul Vacation Rental.<\/span><\/p><\/div>\t\t\t\t\t\t\t\t<\/div>\n\t\t\t\t<\/div>\n\t\t\t\t<\/div>\n\t\t<div class=\"elementor-element elementor-element-dac35d7 e-con-full e-flex e-con e-parent\" data-id=\"dac35d7\" data-element_type=\"container\" data-e-type=\"container\" data-settings=\"{&quot;background_background&quot;:&quot;classic&quot;}\">\n\t\t\t\t<div class=\"elementor-element elementor-element-379b5fc elementor-widget elementor-widget-ucaddon_uc_tiles_columns_image\" data-id=\"379b5fc\" data-element_type=\"widget\" data-e-type=\"widget\" data-widget_type=\"ucaddon_uc_tiles_columns_image.default\">\n\t\t\t\t<div class=\"elementor-widget-container\">\n\t\t\t\t\t\n<!-- start Masonry &amp; Justified Gallery -->\n\t\t<link id='font-awesome-css' href='https:\/\/casa-azul-dr.com\/wp-content\/plugins\/unlimited-elements-for-elementor-premium\/assets_libraries\/font-awesome6\/fontawesome-all.min.css' type='text\/css' rel='stylesheet' >\n\t\t<link id='font-awesome-4-shim-css' href='https:\/\/casa-azul-dr.com\/wp-content\/plugins\/unlimited-elements-for-elementor-premium\/assets_libraries\/font-awesome6\/fontawesome-v4-shims.min.css' type='text\/css' rel='stylesheet' >\n\t\t<link id='unitegallery-css' href='https:\/\/casa-azul-dr.com\/wp-content\/plugins\/unlimited-elements-for-elementor-premium\/assets_libraries\/unitegallery\/css\/unite-gallery.css' type='text\/css' rel='stylesheet' >\n\t\t<link id='uc_ac_assets_file_uc_columns_unite_gallery_css_37416-css' href='https:\/\/casa-azul-dr.com\/wp-content\/uploads\/ac_assets\/uc_tiles_columns_image\/uc-columns-unite-gallery.css' type='text\/css' rel='stylesheet' >\n\n<style>\/* widget: Masonry &amp; Justified Gallery *\/\n\n#uc_uc_tiles_columns_image_elementor_379b5fc{\n  margin:0 auto;\n      display: none;\n  }\n\n#wrapperuc_uc_tiles_columns_image_elementor_379b5fc{\n  min-height:1px;  \n}\n\n\n\/* pagination *\/\n#wrapperuc_uc_tiles_columns_image_elementor_379b5fc .uc_post_grid_style_one_prev_button_pagination{\n  display: flex;\n  align-items: center;\n}\n\n#wrapperuc_uc_tiles_columns_image_elementor_379b5fc .uc_post_grid_style_one_pagination_button,\n#wrapperuc_uc_tiles_columns_image_elementor_379b5fc .uc_post_grid_style_one_pagination_number{\n  padding: 0;\n  justify-content: center;\n  align-items: center;\n  transition: all .3s ease;\n  margin: 0;\n}\n\n#wrapperuc_uc_tiles_columns_image_elementor_379b5fc .uc_post_grid_style_one_pagination_number:last-child,\n#wrapperuc_uc_tiles_columns_image_elementor_379b5fc .uc_post_grid_style_one_pagination_number:first-child{\n  display: inline-flex;\n  position: relative;\n}\n\n#wrapperuc_uc_tiles_columns_image_elementor_379b5fc .ue-hidden{\n  display: none;\n}\n\n#wrapperuc_uc_tiles_columns_image_elementor_379b5fc .ue-disabled{\n  opacity: .5;\n  pointer-events: none;\n}\n\n#wrapperuc_uc_tiles_columns_image_elementor_379b5fc .uc_post_grid_style_one_pagination_number.ue-visible{\n  display: inline-flex;\n}\n\n#wrapperuc_uc_tiles_columns_image_elementor_379b5fc .uc_post_grid_style_one_pagination_numbers{\n  display: flex;\n  flex-wrap: wrap;\n}\n\n#wrapperuc_uc_tiles_columns_image_elementor_379b5fc .uc_post_grid_style_one_prev_button_pagination_wrap{\n  display: flex;\n}\n\/* end pagination *\/\n\n<\/style>\n\n<div id=\"wrapperuc_uc_tiles_columns_image_elementor_379b5fc\">\n  \n  <div id=\"uc_uc_tiles_columns_image_elementor_379b5fc\" style=\"display:none;\" class=\"uc-items-wrapper\" data-custom-sethtml=\"true\" >\n    \n<img decoding=\"async\" alt=\"WhatsApp Image 2025-07-15 at 8.46.22 AM\"\n   src=\"https:\/\/casa-azul-dr.com\/wp-content\/uploads\/2025\/07\/WhatsApp-Image-2025-07-15-at-8.46.22-AM.jpeg.jpg\"\n    data-image=\"https:\/\/casa-azul-dr.com\/wp-content\/uploads\/2025\/07\/WhatsApp-Image-2025-07-15-at-8.46.22-AM.jpeg.jpg\"\n    data-title=\"WhatsApp Image 2025-07-15 at 8.46.22 AM\">\n\n<img decoding=\"async\" alt=\"cr=w_2560,h_1696 (1)\"\n   src=\"https:\/\/casa-azul-dr.com\/wp-content\/uploads\/2025\/07\/crw_2560h_1696-1.webp\"\n    data-image=\"https:\/\/casa-azul-dr.com\/wp-content\/uploads\/2025\/07\/crw_2560h_1696-1.webp\"\n    data-title=\"cr=w_2560,h_1696 (1)\">\n\n<img decoding=\"async\" alt=\"rs=w_2320,h_1537 (3)\"\n   src=\"https:\/\/casa-azul-dr.com\/wp-content\/uploads\/2025\/07\/rsw_2320h_1537-3.webp\"\n    data-image=\"https:\/\/casa-azul-dr.com\/wp-content\/uploads\/2025\/07\/rsw_2320h_1537-3.webp\"\n    data-title=\"rs=w_2320,h_1537 (3)\">\n\n<img decoding=\"async\" alt=\"rs=w_2320,h_1537 (1)\"\n   src=\"https:\/\/casa-azul-dr.com\/wp-content\/uploads\/2025\/07\/rsw_2320h_1537-1.webp\"\n    data-image=\"https:\/\/casa-azul-dr.com\/wp-content\/uploads\/2025\/07\/rsw_2320h_1537-1.webp\"\n    data-title=\"rs=w_2320,h_1537 (1)\">\n\n<img decoding=\"async\" alt=\"cr=w_730,h_730\"\n   src=\"https:\/\/casa-azul-dr.com\/wp-content\/uploads\/2025\/07\/crw_730h_730.webp\"\n    data-image=\"https:\/\/casa-azul-dr.com\/wp-content\/uploads\/2025\/07\/crw_730h_730.webp\"\n    data-title=\"cr=w_730,h_730\">\n\n<img decoding=\"async\" alt=\"rs=w_2320,h_1537\"\n   src=\"https:\/\/casa-azul-dr.com\/wp-content\/uploads\/2025\/07\/rsw_2320h_1537.webp\"\n    data-image=\"https:\/\/casa-azul-dr.com\/wp-content\/uploads\/2025\/07\/rsw_2320h_1537.webp\"\n    data-title=\"rs=w_2320,h_1537\">\n\n<img decoding=\"async\" alt=\"rs=w_2320,h_1740\"\n   src=\"https:\/\/casa-azul-dr.com\/wp-content\/uploads\/2025\/07\/rsw_2320h_1740.webp\"\n    data-image=\"https:\/\/casa-azul-dr.com\/wp-content\/uploads\/2025\/07\/rsw_2320h_1740.webp\"\n    data-title=\"rs=w_2320,h_1740\">\n\n<img decoding=\"async\" alt=\"rs=w_2320,h_1537 (20)\"\n   src=\"https:\/\/casa-azul-dr.com\/wp-content\/uploads\/2025\/07\/rsw_2320h_1537-20.webp\"\n    data-image=\"https:\/\/casa-azul-dr.com\/wp-content\/uploads\/2025\/07\/rsw_2320h_1537-20.webp\"\n    data-title=\"rs=w_2320,h_1537 (20)\">\n\n<img decoding=\"async\" alt=\"rs=w_2320,h_1537 (19)\"\n   src=\"https:\/\/casa-azul-dr.com\/wp-content\/uploads\/2025\/07\/rsw_2320h_1537-19.webp\"\n    data-image=\"https:\/\/casa-azul-dr.com\/wp-content\/uploads\/2025\/07\/rsw_2320h_1537-19.webp\"\n    data-title=\"rs=w_2320,h_1537 (19)\">\n\n<img decoding=\"async\" alt=\"rs=w_2320,h_1537 (18)\"\n   src=\"https:\/\/casa-azul-dr.com\/wp-content\/uploads\/2025\/07\/rsw_2320h_1537-18.webp\"\n    data-image=\"https:\/\/casa-azul-dr.com\/wp-content\/uploads\/2025\/07\/rsw_2320h_1537-18.webp\"\n    data-title=\"rs=w_2320,h_1537 (18)\">\n\n<img decoding=\"async\" alt=\"rs=w_2320,h_1536 (7)\"\n   src=\"https:\/\/casa-azul-dr.com\/wp-content\/uploads\/2025\/07\/rsw_2320h_1536-7.webp\"\n    data-image=\"https:\/\/casa-azul-dr.com\/wp-content\/uploads\/2025\/07\/rsw_2320h_1536-7.webp\"\n    data-title=\"rs=w_2320,h_1536 (7)\">\n\n<img decoding=\"async\" alt=\"rs=w_2320,h_1537 (17)\"\n   src=\"https:\/\/casa-azul-dr.com\/wp-content\/uploads\/2025\/07\/rsw_2320h_1537-17.webp\"\n    data-image=\"https:\/\/casa-azul-dr.com\/wp-content\/uploads\/2025\/07\/rsw_2320h_1537-17.webp\"\n    data-title=\"rs=w_2320,h_1537 (17)\">\n\n<img decoding=\"async\" alt=\"rs=w_1160,h_1752 (5)\"\n   src=\"https:\/\/casa-azul-dr.com\/wp-content\/uploads\/2025\/07\/rsw_1160h_1752-5.webp\"\n    data-image=\"https:\/\/casa-azul-dr.com\/wp-content\/uploads\/2025\/07\/rsw_1160h_1752-5.webp\"\n    data-title=\"rs=w_1160,h_1752 (5)\">\n\n<img decoding=\"async\" alt=\"rs=w_1160,h_1752 (4)\"\n   src=\"https:\/\/casa-azul-dr.com\/wp-content\/uploads\/2025\/07\/rsw_1160h_1752-4.webp\"\n    data-image=\"https:\/\/casa-azul-dr.com\/wp-content\/uploads\/2025\/07\/rsw_1160h_1752-4.webp\"\n    data-title=\"rs=w_1160,h_1752 (4)\">\n\n<img decoding=\"async\" alt=\"rs=w_2320,h_1537 (16)\"\n   src=\"https:\/\/casa-azul-dr.com\/wp-content\/uploads\/2025\/07\/rsw_2320h_1537-16.webp\"\n    data-image=\"https:\/\/casa-azul-dr.com\/wp-content\/uploads\/2025\/07\/rsw_2320h_1537-16.webp\"\n    data-title=\"rs=w_2320,h_1537 (16)\">\n\n<img decoding=\"async\" alt=\"rs=w_2320,h_1537 (15)\"\n   src=\"https:\/\/casa-azul-dr.com\/wp-content\/uploads\/2025\/07\/rsw_2320h_1537-15.webp\"\n    data-image=\"https:\/\/casa-azul-dr.com\/wp-content\/uploads\/2025\/07\/rsw_2320h_1537-15.webp\"\n    data-title=\"rs=w_2320,h_1537 (15)\">\n\n<img decoding=\"async\" alt=\"rs=w_2320,h_1537 (14)\"\n   src=\"https:\/\/casa-azul-dr.com\/wp-content\/uploads\/2025\/07\/rsw_2320h_1537-14.webp\"\n    data-image=\"https:\/\/casa-azul-dr.com\/wp-content\/uploads\/2025\/07\/rsw_2320h_1537-14.webp\"\n    data-title=\"rs=w_2320,h_1537 (14)\">\n\n<img decoding=\"async\" alt=\"rs=w_2320,h_1537 (13)\"\n   src=\"https:\/\/casa-azul-dr.com\/wp-content\/uploads\/2025\/07\/rsw_2320h_1537-13.webp\"\n    data-image=\"https:\/\/casa-azul-dr.com\/wp-content\/uploads\/2025\/07\/rsw_2320h_1537-13.webp\"\n    data-title=\"rs=w_2320,h_1537 (13)\">\n\n<img decoding=\"async\" alt=\"rs=w_2320,h_1537 (12)\"\n   src=\"https:\/\/casa-azul-dr.com\/wp-content\/uploads\/2025\/07\/rsw_2320h_1537-12.webp\"\n    data-image=\"https:\/\/casa-azul-dr.com\/wp-content\/uploads\/2025\/07\/rsw_2320h_1537-12.webp\"\n    data-title=\"rs=w_2320,h_1537 (12)\">\n\n<img decoding=\"async\" alt=\"rs=w_1160,h_1752 (3)\"\n   src=\"https:\/\/casa-azul-dr.com\/wp-content\/uploads\/2025\/07\/rsw_1160h_1752-3.webp\"\n    data-image=\"https:\/\/casa-azul-dr.com\/wp-content\/uploads\/2025\/07\/rsw_1160h_1752-3.webp\"\n    data-title=\"rs=w_1160,h_1752 (3)\">\n\n<img decoding=\"async\" alt=\"rs=w_1160,h_1752 (2)\"\n   src=\"https:\/\/casa-azul-dr.com\/wp-content\/uploads\/2025\/07\/rsw_1160h_1752-2.webp\"\n    data-image=\"https:\/\/casa-azul-dr.com\/wp-content\/uploads\/2025\/07\/rsw_1160h_1752-2.webp\"\n    data-title=\"rs=w_1160,h_1752 (2)\">\n\n<img decoding=\"async\" alt=\"rs=w_2320,h_1537 (11)\"\n   src=\"https:\/\/casa-azul-dr.com\/wp-content\/uploads\/2025\/07\/rsw_2320h_1537-11.webp\"\n    data-image=\"https:\/\/casa-azul-dr.com\/wp-content\/uploads\/2025\/07\/rsw_2320h_1537-11.webp\"\n    data-title=\"rs=w_2320,h_1537 (11)\">\n\n<img decoding=\"async\" alt=\"rs=w_2320,h_1537 (10)\"\n   src=\"https:\/\/casa-azul-dr.com\/wp-content\/uploads\/2025\/07\/rsw_2320h_1537-10.webp\"\n    data-image=\"https:\/\/casa-azul-dr.com\/wp-content\/uploads\/2025\/07\/rsw_2320h_1537-10.webp\"\n    data-title=\"rs=w_2320,h_1537 (10)\">\n\n<img decoding=\"async\" alt=\"rs=w_2320,h_1537 (9)\"\n   src=\"https:\/\/casa-azul-dr.com\/wp-content\/uploads\/2025\/07\/rsw_2320h_1537-9.webp\"\n    data-image=\"https:\/\/casa-azul-dr.com\/wp-content\/uploads\/2025\/07\/rsw_2320h_1537-9.webp\"\n    data-title=\"rs=w_2320,h_1537 (9)\">\n\n<img decoding=\"async\" alt=\"rs=w_2320,h_1536 (6)\"\n   src=\"https:\/\/casa-azul-dr.com\/wp-content\/uploads\/2025\/07\/rsw_2320h_1536-6.webp\"\n    data-image=\"https:\/\/casa-azul-dr.com\/wp-content\/uploads\/2025\/07\/rsw_2320h_1536-6.webp\"\n    data-title=\"rs=w_2320,h_1536 (6)\">\n\n<img decoding=\"async\" alt=\"rs=w_2320,h_1536 (5)\"\n   src=\"https:\/\/casa-azul-dr.com\/wp-content\/uploads\/2025\/07\/rsw_2320h_1536-5.webp\"\n    data-image=\"https:\/\/casa-azul-dr.com\/wp-content\/uploads\/2025\/07\/rsw_2320h_1536-5.webp\"\n    data-title=\"rs=w_2320,h_1536 (5)\">\n\n<img decoding=\"async\" alt=\"rs=w_2320,h_1536 (4)\"\n   src=\"https:\/\/casa-azul-dr.com\/wp-content\/uploads\/2025\/07\/rsw_2320h_1536-4.webp\"\n    data-image=\"https:\/\/casa-azul-dr.com\/wp-content\/uploads\/2025\/07\/rsw_2320h_1536-4.webp\"\n    data-title=\"rs=w_2320,h_1536 (4)\">\n\n<img decoding=\"async\" alt=\"rs=w_1160,h_1752 (1)\"\n   src=\"https:\/\/casa-azul-dr.com\/wp-content\/uploads\/2025\/07\/rsw_1160h_1752-1.webp\"\n    data-image=\"https:\/\/casa-azul-dr.com\/wp-content\/uploads\/2025\/07\/rsw_1160h_1752-1.webp\"\n    data-title=\"rs=w_1160,h_1752 (1)\">\n\n<img decoding=\"async\" alt=\"rs=w_2320,h_1536 (3)\"\n   src=\"https:\/\/casa-azul-dr.com\/wp-content\/uploads\/2025\/07\/rsw_2320h_1536-3.webp\"\n    data-image=\"https:\/\/casa-azul-dr.com\/wp-content\/uploads\/2025\/07\/rsw_2320h_1536-3.webp\"\n    data-title=\"rs=w_2320,h_1536 (3)\">\n\n<img decoding=\"async\" alt=\"rs=w_2320,h_1537 (8)\"\n   src=\"https:\/\/casa-azul-dr.com\/wp-content\/uploads\/2025\/07\/rsw_2320h_1537-8.webp\"\n    data-image=\"https:\/\/casa-azul-dr.com\/wp-content\/uploads\/2025\/07\/rsw_2320h_1537-8.webp\"\n    data-title=\"rs=w_2320,h_1537 (8)\">\n\n<img decoding=\"async\" alt=\"rs=w_2320,h_1537 (7)\"\n   src=\"https:\/\/casa-azul-dr.com\/wp-content\/uploads\/2025\/07\/rsw_2320h_1537-7.webp\"\n    data-image=\"https:\/\/casa-azul-dr.com\/wp-content\/uploads\/2025\/07\/rsw_2320h_1537-7.webp\"\n    data-title=\"rs=w_2320,h_1537 (7)\">\n\n<img decoding=\"async\" alt=\"rs=w_2320,h_1536 (2)\"\n   src=\"https:\/\/casa-azul-dr.com\/wp-content\/uploads\/2025\/07\/rsw_2320h_1536-2.webp\"\n    data-image=\"https:\/\/casa-azul-dr.com\/wp-content\/uploads\/2025\/07\/rsw_2320h_1536-2.webp\"\n    data-title=\"rs=w_2320,h_1536 (2)\">\n\n<img decoding=\"async\" alt=\"rs=w_2320,h_1537 (6)\"\n   src=\"https:\/\/casa-azul-dr.com\/wp-content\/uploads\/2025\/07\/rsw_2320h_1537-6.webp\"\n    data-image=\"https:\/\/casa-azul-dr.com\/wp-content\/uploads\/2025\/07\/rsw_2320h_1537-6.webp\"\n    data-title=\"rs=w_2320,h_1537 (6)\">\n\n<img decoding=\"async\" alt=\"rs=w_2320,h_1536 (1)\"\n   src=\"https:\/\/casa-azul-dr.com\/wp-content\/uploads\/2025\/07\/rsw_2320h_1536-1.webp\"\n    data-image=\"https:\/\/casa-azul-dr.com\/wp-content\/uploads\/2025\/07\/rsw_2320h_1536-1.webp\"\n    data-title=\"rs=w_2320,h_1536 (1)\">\n\n<img decoding=\"async\" alt=\"rs=w_2320,h_1536\"\n   src=\"https:\/\/casa-azul-dr.com\/wp-content\/uploads\/2025\/07\/rsw_2320h_1536.webp\"\n    data-image=\"https:\/\/casa-azul-dr.com\/wp-content\/uploads\/2025\/07\/rsw_2320h_1536.webp\"\n    data-title=\"rs=w_2320,h_1536\">\n\n<img decoding=\"async\" alt=\"rs=w_2320,h_1537 (5)\"\n   src=\"https:\/\/casa-azul-dr.com\/wp-content\/uploads\/2025\/07\/rsw_2320h_1537-5.webp\"\n    data-image=\"https:\/\/casa-azul-dr.com\/wp-content\/uploads\/2025\/07\/rsw_2320h_1537-5.webp\"\n    data-title=\"rs=w_2320,h_1537 (5)\">\n\n<img decoding=\"async\" alt=\"rs=w_2320,h_1537 (4)\"\n   src=\"https:\/\/casa-azul-dr.com\/wp-content\/uploads\/2025\/07\/rsw_2320h_1537-4.webp\"\n    data-image=\"https:\/\/casa-azul-dr.com\/wp-content\/uploads\/2025\/07\/rsw_2320h_1537-4.webp\"\n    data-title=\"rs=w_2320,h_1537 (4)\">\n\n<img decoding=\"async\" alt=\"rs=w_1160,h_1752\"\n   src=\"https:\/\/casa-azul-dr.com\/wp-content\/uploads\/2025\/07\/rsw_1160h_1752.webp\"\n    data-image=\"https:\/\/casa-azul-dr.com\/wp-content\/uploads\/2025\/07\/rsw_1160h_1752.webp\"\n    data-title=\"rs=w_1160,h_1752\">\n\n<img decoding=\"async\" alt=\"rs=w_984,h_656\"\n   src=\"https:\/\/casa-azul-dr.com\/wp-content\/uploads\/2025\/07\/rsw_984h_656.webp\"\n    data-image=\"https:\/\/casa-azul-dr.com\/wp-content\/uploads\/2025\/07\/rsw_984h_656.webp\"\n    data-title=\"rs=w_984,h_656\">\n\n  <\/div>\n  \n      <div class=\"uc_post_grid_style_one_prev_button_pagination\">\n      <div class=\"uc_post_grid_style_one_prev_button_pagination_wrap\">\n        <button class=\"uc_post_grid_style_one_prev_button uc_post_grid_style_one_pagination_button\" aria-label=\"prev-btn\"><i class='fas fa-angle-double-left'><\/i><\/button>        <div class=\"uc_post_grid_style_one_pagination_numbers\"><\/div>\n        <button class=\"uc_post_grid_style_one_next_button uc_post_grid_style_one_pagination_button\" aria-label=\"siguiente-btn\"><i class='fas fa-angle-double-right'><\/i><\/button>      <\/div>    <\/div>    \n<\/div>\n<!-- end Masonry & Justified Gallery -->\t\t\t\t<\/div>\n\t\t\t\t<\/div>\n\t\t\t\t<\/div>\n\t\t\t\t<\/div>","protected":false},"excerpt":{"rendered":"<p>Galer\u00eda Insp\u00edrese con la galer\u00eda de Casa Azul Vacation Rental.<\/p>","protected":false},"author":2,"featured_media":0,"parent":0,"menu_order":0,"comment_status":"closed","ping_status":"closed","template":"","meta":{"footnotes":""},"class_list":["post-147","page","type-page","status-publish","hentry"],"_links":{"self":[{"href":"https:\/\/casa-azul-dr.com\/es\/wp-json\/wp\/v2\/pages\/147","targetHints":{"allow":["GET"]}}],"collection":[{"href":"https:\/\/casa-azul-dr.com\/es\/wp-json\/wp\/v2\/pages"}],"about":[{"href":"https:\/\/casa-azul-dr.com\/es\/wp-json\/wp\/v2\/types\/page"}],"author":[{"embeddable":true,"href":"https:\/\/casa-azul-dr.com\/es\/wp-json\/wp\/v2\/users\/2"}],"replies":[{"embeddable":true,"href":"https:\/\/casa-azul-dr.com\/es\/wp-json\/wp\/v2\/comments?post=147"}],"version-history":[{"count":124,"href":"https:\/\/casa-azul-dr.com\/es\/wp-json\/wp\/v2\/pages\/147\/revisions"}],"predecessor-version":[{"id":1728,"href":"https:\/\/casa-azul-dr.com\/es\/wp-json\/wp\/v2\/pages\/147\/revisions\/1728"}],"wp:attachment":[{"href":"https:\/\/casa-azul-dr.com\/es\/wp-json\/wp\/v2\/media?parent=147"}],"curies":[{"name":"wp","href":"https:\/\/api.w.org\/{rel}","templated":true}]}}