{"id":149,"date":"2025-07-13T08:54:27","date_gmt":"2025-07-13T08:54:27","guid":{"rendered":"https:\/\/casa-azul-dr.com\/?page_id=149"},"modified":"2025-07-23T14:56:15","modified_gmt":"2025-07-23T14:56:15","slug":"testimonials","status":"publish","type":"page","link":"https:\/\/casa-azul-dr.com\/es\/testimonials\/","title":{"rendered":"Testimonios"},"content":{"rendered":"<div data-elementor-type=\"wp-page\" data-elementor-id=\"149\" class=\"elementor elementor-149\" data-elementor-post-type=\"page\">\n\t\t\t\t<div class=\"elementor-element elementor-element-79f45ee e-con-full e-flex e-con e-parent\" data-id=\"79f45ee\" data-element_type=\"container\" data-e-type=\"container\" data-settings=\"{&quot;background_background&quot;:&quot;classic&quot;}\">\n\t\t\t\t<div class=\"elementor-element elementor-element-396cb26 elementor-widget__width-initial elementor-widget elementor-widget-heading\" data-id=\"396cb26\" data-element_type=\"widget\" data-e-type=\"widget\" data-widget_type=\"heading.default\">\n\t\t\t\t<div class=\"elementor-widget-container\">\n\t\t\t\t\t<h2 class=\"elementor-heading-title elementor-size-default\">testimonios\n<\/h2>\t\t\t\t<\/div>\n\t\t\t\t<\/div>\n\t\t\t\t<div class=\"elementor-element elementor-element-c26f9b0 elementor-widget elementor-widget-text-editor\" data-id=\"c26f9b0\" data-element_type=\"widget\" data-e-type=\"widget\" data-widget_type=\"text-editor.default\">\n\t\t\t\t<div class=\"elementor-widget-container\">\n\t\t\t\t\t\t\t\t\t<p class=\"x-el x-el-h1 c1-23 c1-2 c1-1r c1-1s c1-6c c1-39 c1-3a c1-25 c1-6d c1-4s c1-1j c1-4x c1-5o c1-2j c1-6e c1-5p c1-5q c1-5r c1-5s\" role=\"heading\" aria-level=\"1\" data-ux=\"SectionHeading\" data-aid=\"CONTENT_SECTION_TITLE_RENDERED\" data-promoted-from=\"2\" data-order=\"0\" data-typography=\"HeadingGamma\" data-font-scaled=\"true\"><span class=\"\" data-ux=\"Element\">Descubre por qu\u00e9 nuestros hu\u00e9spedes adoran la Casa Azul<\/span><\/p><div class=\"x-el x-el-div x-el c1-1 c1-2 c1-1g c1-1f c1-b c1-c c1-6j c1-6k c1-d c1-e c1-f c1-g c1-1 c1-2 c1-19 c1-6l c1-6m c1-6n c1-25 c1-6o c1-6p c1-6q c1-b c1-c c1-6r c1-6s c1-6t c1-6u c1-d c1-e c1-f c1-g\" data-ux=\"ContentCards\"><div class=\"x-el x-el-div c1-1 c1-2 c1-6l c1-6v c1-6w c1-6x c1-z c1-3e c1-6y c1-37 c1-6z c1-19 c1-b c1-c c1-70 c1-71 c1-72 c1-73 c1-74 c1-75 c1-d c1-e c1-f c1-g\" data-ux=\"GridCell\"><div class=\"x-el x-el-div x-el c1-1 c1-2 c1-s c1-19 c1-5i c1-1b c1-1g c1-1d c1-4 c1-76 c1-77 c1-78 c1-6v c1-56 c1-17 c1-16 c1-b c1-c c1-6j c1-6k c1-d c1-e c1-f c1-g c1-1 c1-2 c1-b c1-c c1-d c1-e c1-f c1-g\" data-ux=\"ContentCard\"><div class=\"x-el x-el-div c1-1 c1-2 c1-4 c1-s c1-79 c1-b c1-c c1-7a c1-d c1-15 c1-e c1-f c1-g\" data-ux=\"Block\">\u00a0<\/div><\/div><\/div><\/div>\t\t\t\t\t\t\t\t<\/div>\n\t\t\t\t<\/div>\n\t\t\t\t<\/div>\n\t\t<div class=\"elementor-element elementor-element-f710142 e-con-full e-flex e-con e-parent\" data-id=\"f710142\" data-element_type=\"container\" data-e-type=\"container\">\n\t\t<div class=\"elementor-element elementor-element-63b2495 e-con-full e-flex e-con e-child\" data-id=\"63b2495\" data-element_type=\"container\" data-e-type=\"container\">\n\t\t<div class=\"elementor-element elementor-element-366f2f4 e-con-full e-flex elementor-invisible e-con e-child\" data-id=\"366f2f4\" data-element_type=\"container\" data-e-type=\"container\" data-settings=\"{&quot;background_background&quot;:&quot;classic&quot;,&quot;animation&quot;:&quot;zoomIn&quot;}\">\n\t\t\t\t<div class=\"elementor-element elementor-element-671ec06 elementor-view-default elementor-widget elementor-widget-icon\" data-id=\"671ec06\" data-element_type=\"widget\" data-e-type=\"widget\" data-widget_type=\"icon.default\">\n\t\t\t\t<div class=\"elementor-widget-container\">\n\t\t\t\t\t\t\t<div class=\"elementor-icon-wrapper\">\n\t\t\t<div class=\"elementor-icon\">\n\t\t\t<i aria-hidden=\"true\" class=\"fas fa-quote-right\"><\/i>\t\t\t<\/div>\n\t\t<\/div>\n\t\t\t\t\t\t<\/div>\n\t\t\t\t<\/div>\n\t\t\t\t<div class=\"elementor-element elementor-element-c27f8b2 elementor-widget elementor-widget-testimonial\" data-id=\"c27f8b2\" data-element_type=\"widget\" data-e-type=\"widget\" data-widget_type=\"testimonial.default\">\n\t\t\t\t<div class=\"elementor-widget-container\">\n\t\t\t\t\t\t\t<div class=\"elementor-testimonial-wrapper\">\n\t\t\t\t\t\t\t<div class=\"elementor-testimonial-content\">Gran lugar para alojarse. Ubicaci\u00f3n en la zona tur\u00edstica. Todas las comodidades disponibles. Detalles bien pensados. Mucha comida y tiendas. La piscina era muy agradable. La zona limpia. Muebles agradable. Necesidades c\u00f3modas con muchas almohadas. Toallas extra para el ba\u00f1o y la piscina. Alojamiento de primera. El anfitri\u00f3n era muy agradable y atento. Gran comunicaci\u00f3n. Un libro con toda la informaci\u00f3n necesaria. Usted tiene que pagar por su uso de la electricidad. Estuvo bien que nos leyeran el contador a mitad de semana para hacernos una idea del coste del consumo. \u00a1Gracias por una gran estancia! Nos volveremos a alojar aqu\u00ed de nuevo.<\/div>\n\t\t\t\n\t\t\t\t\t\t<div class=\"elementor-testimonial-meta\">\n\t\t\t\t<div class=\"elementor-testimonial-meta-inner\">\n\t\t\t\t\t\n\t\t\t\t\t\t\t\t\t\t<div class=\"elementor-testimonial-details\">\n\t\t\t\t\t\t\t\t\t\t\t\t\t\t<div class=\"elementor-testimonial-name\">Lisa<\/div>\n\t\t\t\t\t\t\t\t\t\t\t\t\t\t\t\t\t\t\t<\/div>\n\t\t\t\t\t\t\t\t\t<\/div>\n\t\t\t<\/div>\n\t\t\t\t\t<\/div>\n\t\t\t\t\t\t<\/div>\n\t\t\t\t<\/div>\n\t\t\t\t<\/div>\n\t\t<div class=\"elementor-element elementor-element-9e3c187 e-con-full e-flex elementor-invisible e-con e-child\" data-id=\"9e3c187\" data-element_type=\"container\" data-e-type=\"container\" data-settings=\"{&quot;background_background&quot;:&quot;classic&quot;,&quot;animation&quot;:&quot;zoomIn&quot;}\">\n\t\t\t\t<div class=\"elementor-element elementor-element-27bee6f elementor-view-default elementor-widget elementor-widget-icon\" data-id=\"27bee6f\" data-element_type=\"widget\" data-e-type=\"widget\" data-widget_type=\"icon.default\">\n\t\t\t\t<div class=\"elementor-widget-container\">\n\t\t\t\t\t\t\t<div class=\"elementor-icon-wrapper\">\n\t\t\t<div class=\"elementor-icon\">\n\t\t\t<i aria-hidden=\"true\" class=\"fas fa-quote-right\"><\/i>\t\t\t<\/div>\n\t\t<\/div>\n\t\t\t\t\t\t<\/div>\n\t\t\t\t<\/div>\n\t\t\t\t<div class=\"elementor-element elementor-element-c7d8b6f elementor-widget elementor-widget-testimonial\" data-id=\"c7d8b6f\" data-element_type=\"widget\" data-e-type=\"widget\" data-widget_type=\"testimonial.default\">\n\t\t\t\t<div class=\"elementor-widget-container\">\n\t\t\t\t\t\t\t<div class=\"elementor-testimonial-wrapper\">\n\t\t\t\t\t\t\t<div class=\"elementor-testimonial-content\">Mi marido y yo nos alojamos en este Airbnb en mayo de 2023 durante dos semanas . \u00a1No pod\u00eda creer nuestra suerte ! Totalmente renovado condominio de dos dormitorios y dos ba\u00f1os. El condominio est\u00e1 bellamente decorado , super limpio y muy bien amueblado . Nos sentimos como si estuvi\u00e9ramos en nuestra casa , incluso mejor.  Hay tres balcones, el principal con vistas a una hermosa piscina. El complejo es hermoso y muy seguro. Caminamos por todas partes , se tard\u00f3 unos 5 minutos para ir a la playa , a los restaurantes , un mini mercado y bares. Usted no necesita un coche. Tenemos muchas ganas de volver el a\u00f1o que viene. \"<\/div>\n\t\t\t\n\t\t\t\t\t\t<div class=\"elementor-testimonial-meta\">\n\t\t\t\t<div class=\"elementor-testimonial-meta-inner\">\n\t\t\t\t\t\n\t\t\t\t\t\t\t\t\t\t<div class=\"elementor-testimonial-details\">\n\t\t\t\t\t\t\t\t\t\t\t\t\t\t<div class=\"elementor-testimonial-name\">Stephanie<\/div>\n\t\t\t\t\t\t\t\t\t\t\t\t\t\t\t\t\t\t\t<\/div>\n\t\t\t\t\t\t\t\t\t<\/div>\n\t\t\t<\/div>\n\t\t\t\t\t<\/div>\n\t\t\t\t\t\t<\/div>\n\t\t\t\t<\/div>\n\t\t\t\t<\/div>\n\t\t\t\t<\/div>\n\t\t<div class=\"elementor-element elementor-element-344c3ba e-con-full e-flex e-con e-child\" data-id=\"344c3ba\" data-element_type=\"container\" data-e-type=\"container\">\n\t\t<div class=\"elementor-element elementor-element-fba5581 e-con-full e-flex elementor-invisible e-con e-child\" data-id=\"fba5581\" data-element_type=\"container\" data-e-type=\"container\" data-settings=\"{&quot;background_background&quot;:&quot;classic&quot;,&quot;animation&quot;:&quot;zoomIn&quot;}\">\n\t\t\t\t<div class=\"elementor-element elementor-element-ad4a44c elementor-view-default elementor-widget elementor-widget-icon\" data-id=\"ad4a44c\" data-element_type=\"widget\" data-e-type=\"widget\" data-widget_type=\"icon.default\">\n\t\t\t\t<div class=\"elementor-widget-container\">\n\t\t\t\t\t\t\t<div class=\"elementor-icon-wrapper\">\n\t\t\t<div class=\"elementor-icon\">\n\t\t\t<i aria-hidden=\"true\" class=\"fas fa-quote-right\"><\/i>\t\t\t<\/div>\n\t\t<\/div>\n\t\t\t\t\t\t<\/div>\n\t\t\t\t<\/div>\n\t\t\t\t<div class=\"elementor-element elementor-element-f9a4f15 elementor-widget elementor-widget-testimonial\" data-id=\"f9a4f15\" data-element_type=\"widget\" data-e-type=\"widget\" data-widget_type=\"testimonial.default\">\n\t\t\t\t<div class=\"elementor-widget-container\">\n\t\t\t\t\t\t\t<div class=\"elementor-testimonial-wrapper\">\n\t\t\t\t\t\t\t<div class=\"elementor-testimonial-content\">Eugenie respondi\u00f3 muy bien a los mensajes y nos ayud\u00f3 en todas nuestras consultas. Incluso se ofreci\u00f3 a organizar el transporte desde y hacia el aeropuerto. El apartamento es precioso. Hay una piscina hermosa y limpia justo al pie de las escaleras y la playa est\u00e1 a s\u00f3lo diez minutos a pie. La cocina estaba bien equipada que era perfecto como elegimos para cocinar la mayor\u00eda de nuestras comidas. \u00a1Disfrutamos de nuestra estancia!<\/div>\n\t\t\t\n\t\t\t\t\t\t<div class=\"elementor-testimonial-meta\">\n\t\t\t\t<div class=\"elementor-testimonial-meta-inner\">\n\t\t\t\t\t\n\t\t\t\t\t\t\t\t\t\t<div class=\"elementor-testimonial-details\">\n\t\t\t\t\t\t\t\t\t\t\t\t\t\t<div class=\"elementor-testimonial-name\">Beth<\/div>\n\t\t\t\t\t\t\t\t\t\t\t\t\t\t\t\t\t\t\t<\/div>\n\t\t\t\t\t\t\t\t\t<\/div>\n\t\t\t<\/div>\n\t\t\t\t\t<\/div>\n\t\t\t\t\t\t<\/div>\n\t\t\t\t<\/div>\n\t\t\t\t<\/div>\n\t\t<div class=\"elementor-element elementor-element-c6b7f32 e-con-full e-flex elementor-invisible e-con e-child\" data-id=\"c6b7f32\" data-element_type=\"container\" data-e-type=\"container\" data-settings=\"{&quot;background_background&quot;:&quot;classic&quot;,&quot;animation&quot;:&quot;zoomIn&quot;}\">\n\t\t\t\t<div class=\"elementor-element elementor-element-bc0d390 elementor-view-default elementor-widget elementor-widget-icon\" data-id=\"bc0d390\" data-element_type=\"widget\" data-e-type=\"widget\" data-widget_type=\"icon.default\">\n\t\t\t\t<div class=\"elementor-widget-container\">\n\t\t\t\t\t\t\t<div class=\"elementor-icon-wrapper\">\n\t\t\t<div class=\"elementor-icon\">\n\t\t\t<i aria-hidden=\"true\" class=\"fas fa-quote-right\"><\/i>\t\t\t<\/div>\n\t\t<\/div>\n\t\t\t\t\t\t<\/div>\n\t\t\t\t<\/div>\n\t\t\t\t<div class=\"elementor-element elementor-element-45534c7 elementor-widget elementor-widget-testimonial\" data-id=\"45534c7\" data-element_type=\"widget\" data-e-type=\"widget\" data-widget_type=\"testimonial.default\">\n\t\t\t\t<div class=\"elementor-widget-container\">\n\t\t\t\t\t\t\t<div class=\"elementor-testimonial-wrapper\">\n\t\t\t\t\t\t\t<div class=\"elementor-testimonial-content\">Mi estancia ha sido fant\u00e1stica, me he sentido como en casa, zona tranquila para descansar, muchos lugares cercanos para disfrutar tanto de d\u00eda como de noche, Eugenie como anfitriona excepcional, atendi\u00f3 todas nuestras demandas r\u00e1pidamente, sin duda lo recomiendo y por supuesto volver\u00eda a repetir mi experiencia.<\/div>\n\t\t\t\n\t\t\t\t\t\t<div class=\"elementor-testimonial-meta\">\n\t\t\t\t<div class=\"elementor-testimonial-meta-inner\">\n\t\t\t\t\t\n\t\t\t\t\t\t\t\t\t\t<div class=\"elementor-testimonial-details\">\n\t\t\t\t\t\t\t\t\t\t\t\t\t\t<div class=\"elementor-testimonial-name\">Ana<\/div>\n\t\t\t\t\t\t\t\t\t\t\t\t\t\t\t\t\t\t\t<\/div>\n\t\t\t\t\t\t\t\t\t<\/div>\n\t\t\t<\/div>\n\t\t\t\t\t<\/div>\n\t\t\t\t\t\t<\/div>\n\t\t\t\t<\/div>\n\t\t\t\t<\/div>\n\t\t\t\t<\/div>\n\t\t<div class=\"elementor-element elementor-element-df12ce4 e-con-full e-flex e-con e-child\" data-id=\"df12ce4\" data-element_type=\"container\" data-e-type=\"container\">\n\t\t<div class=\"elementor-element elementor-element-3386635 e-con-full e-flex elementor-invisible e-con e-child\" data-id=\"3386635\" data-element_type=\"container\" data-e-type=\"container\" data-settings=\"{&quot;background_background&quot;:&quot;classic&quot;,&quot;animation&quot;:&quot;zoomIn&quot;}\">\n\t\t\t\t<div class=\"elementor-element elementor-element-b85d2aa elementor-view-default elementor-widget elementor-widget-icon\" data-id=\"b85d2aa\" data-element_type=\"widget\" data-e-type=\"widget\" data-widget_type=\"icon.default\">\n\t\t\t\t<div class=\"elementor-widget-container\">\n\t\t\t\t\t\t\t<div class=\"elementor-icon-wrapper\">\n\t\t\t<div class=\"elementor-icon\">\n\t\t\t<i aria-hidden=\"true\" class=\"fas fa-quote-right\"><\/i>\t\t\t<\/div>\n\t\t<\/div>\n\t\t\t\t\t\t<\/div>\n\t\t\t\t<\/div>\n\t\t\t\t<div class=\"elementor-element elementor-element-cfceba8 elementor-widget elementor-widget-testimonial\" data-id=\"cfceba8\" data-element_type=\"widget\" data-e-type=\"widget\" data-widget_type=\"testimonial.default\">\n\t\t\t\t<div class=\"elementor-widget-container\">\n\t\t\t\t\t\t\t<div class=\"elementor-testimonial-wrapper\">\n\t\t\t\t\t\t\t<div class=\"elementor-testimonial-content\">El pasado noviembre, mi marido y yo alquilamos un fabuloso apartamento de dos dormitorios en Punta Cana llamado Casa Azul. Hab\u00eda sido totalmente renovado. Ten\u00eda dos dormitorios y dos ba\u00f1os, una sala de estar impresionante y una gran cocina. \u00a1Todo era nuevo! Est\u00e1 situado en un complejo tranquilo con vistas a una enorme piscina. La enorme zona de la piscina est\u00e1 muy bien dise\u00f1ado y rodeado de c\u00f3modas sillas mesas y sombrillas. No dejaron nada al azar. Fue un lugar incre\u00edble al que no podemos esperar para volver. Est\u00e1 cerca de peque\u00f1os restaurantes y a 5 minutos andando de la playa.   Muy recomendable.   <\/div>\n\t\t\t\n\t\t\t\t\t\t<div class=\"elementor-testimonial-meta\">\n\t\t\t\t<div class=\"elementor-testimonial-meta-inner\">\n\t\t\t\t\t\n\t\t\t\t\t\t\t\t\t\t<div class=\"elementor-testimonial-details\">\n\t\t\t\t\t\t\t\t\t\t\t\t\t\t<div class=\"elementor-testimonial-name\">Merle<\/div>\n\t\t\t\t\t\t\t\t\t\t\t\t\t\t\t\t\t\t\t<\/div>\n\t\t\t\t\t\t\t\t\t<\/div>\n\t\t\t<\/div>\n\t\t\t\t\t<\/div>\n\t\t\t\t\t\t<\/div>\n\t\t\t\t<\/div>\n\t\t\t\t<\/div>\n\t\t<div class=\"elementor-element elementor-element-e1d00d2 e-con-full e-flex elementor-invisible e-con e-child\" data-id=\"e1d00d2\" data-element_type=\"container\" data-e-type=\"container\" data-settings=\"{&quot;background_background&quot;:&quot;classic&quot;,&quot;animation&quot;:&quot;zoomIn&quot;}\">\n\t\t\t\t<div class=\"elementor-element elementor-element-e740159 elementor-view-default elementor-widget elementor-widget-icon\" data-id=\"e740159\" data-element_type=\"widget\" data-e-type=\"widget\" data-widget_type=\"icon.default\">\n\t\t\t\t<div class=\"elementor-widget-container\">\n\t\t\t\t\t\t\t<div class=\"elementor-icon-wrapper\">\n\t\t\t<div class=\"elementor-icon\">\n\t\t\t<i aria-hidden=\"true\" class=\"fas fa-quote-right\"><\/i>\t\t\t<\/div>\n\t\t<\/div>\n\t\t\t\t\t\t<\/div>\n\t\t\t\t<\/div>\n\t\t\t\t<div class=\"elementor-element elementor-element-bfa6f97 elementor-widget elementor-widget-testimonial\" data-id=\"bfa6f97\" data-element_type=\"widget\" data-e-type=\"widget\" data-widget_type=\"testimonial.default\">\n\t\t\t\t<div class=\"elementor-widget-container\">\n\t\t\t\t\t\t\t<div class=\"elementor-testimonial-wrapper\">\n\t\t\t\t\t\t\t<div class=\"elementor-testimonial-content\">Me ha encantado. Es exactamente descrito y fotos. Se quedar\u00e1 all\u00ed de nuevo. Todo a poca distancia. Eugenie es el mejor y el m\u00e1s servicial. Era como estar en casa. El complejo de apartamentos estaba limpio y los otros residentes eran muy amables tambi\u00e9n.<\/div>\n\t\t\t\n\t\t\t\t\t\t<div class=\"elementor-testimonial-meta\">\n\t\t\t\t<div class=\"elementor-testimonial-meta-inner\">\n\t\t\t\t\t\n\t\t\t\t\t\t\t\t\t\t<div class=\"elementor-testimonial-details\">\n\t\t\t\t\t\t\t\t\t\t\t\t\t\t<div class=\"elementor-testimonial-name\">Christine<\/div>\n\t\t\t\t\t\t\t\t\t\t\t\t\t\t\t\t\t\t\t<\/div>\n\t\t\t\t\t\t\t\t\t<\/div>\n\t\t\t<\/div>\n\t\t\t\t\t<\/div>\n\t\t\t\t\t\t<\/div>\n\t\t\t\t<\/div>\n\t\t\t\t<\/div>\n\t\t\t\t<\/div>\n\t\t\t\t<\/div>\n\t\t\t\t<\/div>","protected":false},"excerpt":{"rendered":"<p>testimonials Discover Why Our Guests Love Casa Azul \u00a0 Great place to stay. Location in the resort area. All amenities available. Thoughtful touches. Plenty of food and shopping. The pool was so nice. The area clean. Furniture nice. Comfy needs with plenty pillows. Extra towels for bath and pool. Top of the line accommodations. The [&hellip;]<\/p>\n","protected":false},"author":2,"featured_media":0,"parent":0,"menu_order":0,"comment_status":"closed","ping_status":"closed","template":"","meta":{"footnotes":""},"class_list":["post-149","page","type-page","status-publish","hentry"],"_links":{"self":[{"href":"https:\/\/casa-azul-dr.com\/es\/wp-json\/wp\/v2\/pages\/149","targetHints":{"allow":["GET"]}}],"collection":[{"href":"https:\/\/casa-azul-dr.com\/es\/wp-json\/wp\/v2\/pages"}],"about":[{"href":"https:\/\/casa-azul-dr.com\/es\/wp-json\/wp\/v2\/types\/page"}],"author":[{"embeddable":true,"href":"https:\/\/casa-azul-dr.com\/es\/wp-json\/wp\/v2\/users\/2"}],"replies":[{"embeddable":true,"href":"https:\/\/casa-azul-dr.com\/es\/wp-json\/wp\/v2\/comments?post=149"}],"version-history":[{"count":88,"href":"https:\/\/casa-azul-dr.com\/es\/wp-json\/wp\/v2\/pages\/149\/revisions"}],"predecessor-version":[{"id":1884,"href":"https:\/\/casa-azul-dr.com\/es\/wp-json\/wp\/v2\/pages\/149\/revisions\/1884"}],"wp:attachment":[{"href":"https:\/\/casa-azul-dr.com\/es\/wp-json\/wp\/v2\/media?parent=149"}],"curies":[{"name":"wp","href":"https:\/\/api.w.org\/{rel}","templated":true}]}}