{"id":1530,"date":"2025-07-18T15:20:10","date_gmt":"2025-07-18T15:20:10","guid":{"rendered":"https:\/\/casa-azul-dr.com\/?post_type=product&#038;p=1530"},"modified":"2025-07-18T15:43:41","modified_gmt":"2025-07-18T15:43:41","slug":"discover-casa-azul","status":"publish","type":"product","link":"https:\/\/casa-azul-dr.com\/es\/producto\/discover-casa-azul\/","title":{"rendered":"Descubre la Casa Azul"},"content":{"rendered":"<p>Nuestro reci\u00e9n renovado apartamento de 2 dormitorios y 2 ba\u00f1os le proporcionar\u00e1 comodidad durante su estancia, y le dar\u00e1 la bienvenida con un bello entorno ajardinado para un ambiente sereno y tranquilo. Disfrute de Wi-Fi de alta velocidad y TV por cable, y no dude en darse un chapuz\u00f3n en la piscina mientras hace uso de las zonas de descanso. Tenga la seguridad, nuestro condominio se encuentra en una comunidad cerrada y segura con seguridad 24\/7. Estamos muy orgullosos de mantener un espacio limpio y acogedor para nuestros hu\u00e9spedes. Estamos a s\u00f3lo 5 minutos a pie de la playa y cerca de muchos bares, restaurantes y mercados donde podr\u00e1 sumergirse en el vibrante ambiente de Punta Cana.<\/p>","protected":false},"excerpt":{"rendered":"<p>Our newly completely renovated 2-bedroom, 2-bathroom condo will provide you with comfort during your stay, and greet you with beautifully landscaped surroundings for a serene and peaceful ambiance. Enjoy high-speed Wi-Fi and cable TV, and feel free to take a dip in the pool while making use of the lounging areas. Rest assured, our condo [&hellip;]<\/p>\n","protected":false},"featured_media":271,"comment_status":"open","ping_status":"closed","template":"","meta":[],"product_brand":[],"product_cat":[29],"product_tag":[],"class_list":{"0":"post-1530","1":"product","2":"type-product","3":"status-publish","4":"has-post-thumbnail","6":"product_cat-uncategorized","8":"first","9":"instock","10":"virtual","11":"sold-individually","12":"purchasable","13":"product-type-booking"},"_links":{"self":[{"href":"https:\/\/casa-azul-dr.com\/es\/wp-json\/wp\/v2\/product\/1530","targetHints":{"allow":["GET"]}}],"collection":[{"href":"https:\/\/casa-azul-dr.com\/es\/wp-json\/wp\/v2\/product"}],"about":[{"href":"https:\/\/casa-azul-dr.com\/es\/wp-json\/wp\/v2\/types\/product"}],"replies":[{"embeddable":true,"href":"https:\/\/casa-azul-dr.com\/es\/wp-json\/wp\/v2\/comments?post=1530"}],"wp:featuredmedia":[{"embeddable":true,"href":"https:\/\/casa-azul-dr.com\/es\/wp-json\/wp\/v2\/media\/271"}],"wp:attachment":[{"href":"https:\/\/casa-azul-dr.com\/es\/wp-json\/wp\/v2\/media?parent=1530"}],"wp:term":[{"taxonomy":"product_brand","embeddable":true,"href":"https:\/\/casa-azul-dr.com\/es\/wp-json\/wp\/v2\/product_brand?post=1530"},{"taxonomy":"product_cat","embeddable":true,"href":"https:\/\/casa-azul-dr.com\/es\/wp-json\/wp\/v2\/product_cat?post=1530"},{"taxonomy":"product_tag","embeddable":true,"href":"https:\/\/casa-azul-dr.com\/es\/wp-json\/wp\/v2\/product_tag?post=1530"}],"curies":[{"name":"wp","href":"https:\/\/api.w.org\/{rel}","templated":true}]}}