{"id":149,"date":"2025-07-13T08:54:27","date_gmt":"2025-07-13T08:54:27","guid":{"rendered":"https:\/\/casa-azul-dr.com\/?page_id=149"},"modified":"2025-07-23T14:56:15","modified_gmt":"2025-07-23T14:56:15","slug":"testimonials","status":"publish","type":"page","link":"https:\/\/casa-azul-dr.com\/fr\/testimonials\/","title":{"rendered":"T\u00e9moignages"},"content":{"rendered":"<div data-elementor-type=\"wp-page\" data-elementor-id=\"149\" class=\"elementor elementor-149\" data-elementor-post-type=\"page\">\n\t\t\t\t<div class=\"elementor-element elementor-element-79f45ee e-con-full e-flex e-con e-parent\" data-id=\"79f45ee\" data-element_type=\"container\" data-e-type=\"container\" data-settings=\"{&quot;background_background&quot;:&quot;classic&quot;}\">\n\t\t\t\t<div class=\"elementor-element elementor-element-396cb26 elementor-widget__width-initial elementor-widget elementor-widget-heading\" data-id=\"396cb26\" data-element_type=\"widget\" data-e-type=\"widget\" data-widget_type=\"heading.default\">\n\t\t\t\t<div class=\"elementor-widget-container\">\n\t\t\t\t\t<h2 class=\"elementor-heading-title elementor-size-default\">t\u00e9moignages\n<\/h2>\t\t\t\t<\/div>\n\t\t\t\t<\/div>\n\t\t\t\t<div class=\"elementor-element elementor-element-c26f9b0 elementor-widget elementor-widget-text-editor\" data-id=\"c26f9b0\" data-element_type=\"widget\" data-e-type=\"widget\" data-widget_type=\"text-editor.default\">\n\t\t\t\t<div class=\"elementor-widget-container\">\n\t\t\t\t\t\t\t\t\t<p class=\"x-el x-el-h1 c1-23 c1-2 c1-1r c1-1s c1-6c c1-39 c1-3a c1-25 c1-6d c1-4s c1-1j c1-4x c1-5o c1-2j c1-6e c1-5p c1-5q c1-5r c1-5s\" role=\"heading\" aria-level=\"1\" data-ux=\"SectionHeading\" data-aid=\"CONTENT_SECTION_TITLE_RENDERED\" data-promoted-from=\"2\" data-order=\"0\" data-typography=\"HeadingGamma\" data-font-scaled=\"true\"><span class=\"\" data-ux=\"Element\">D\u00e9couvrez pourquoi nos clients aiment la Casa Azul<\/span><\/p><div class=\"x-el x-el-div x-el c1-1 c1-2 c1-1g c1-1f c1-b c1-c c1-6j c1-6k c1-d c1-e c1-f c1-g c1-1 c1-2 c1-19 c1-6l c1-6m c1-6n c1-25 c1-6o c1-6p c1-6q c1-b c1-c c1-6r c1-6s c1-6t c1-6u c1-d c1-e c1-f c1-g\" data-ux=\"ContentCards\"><div class=\"x-el x-el-div c1-1 c1-2 c1-6l c1-6v c1-6w c1-6x c1-z c1-3e c1-6y c1-37 c1-6z c1-19 c1-b c1-c c1-70 c1-71 c1-72 c1-73 c1-74 c1-75 c1-d c1-e c1-f c1-g\" data-ux=\"GridCell\"><div class=\"x-el x-el-div x-el c1-1 c1-2 c1-s c1-19 c1-5i c1-1b c1-1g c1-1d c1-4 c1-76 c1-77 c1-78 c1-6v c1-56 c1-17 c1-16 c1-b c1-c c1-6j c1-6k c1-d c1-e c1-f c1-g c1-1 c1-2 c1-b c1-c c1-d c1-e c1-f c1-g\" data-ux=\"ContentCard\"><div class=\"x-el x-el-div c1-1 c1-2 c1-4 c1-s c1-79 c1-b c1-c c1-7a c1-d c1-15 c1-e c1-f c1-g\" data-ux=\"Block\">\u00a0<\/div><\/div><\/div><\/div>\t\t\t\t\t\t\t\t<\/div>\n\t\t\t\t<\/div>\n\t\t\t\t<\/div>\n\t\t<div class=\"elementor-element elementor-element-f710142 e-con-full e-flex e-con e-parent\" data-id=\"f710142\" data-element_type=\"container\" data-e-type=\"container\">\n\t\t<div class=\"elementor-element elementor-element-63b2495 e-con-full e-flex e-con e-child\" data-id=\"63b2495\" data-element_type=\"container\" data-e-type=\"container\">\n\t\t<div class=\"elementor-element elementor-element-366f2f4 e-con-full e-flex elementor-invisible e-con e-child\" data-id=\"366f2f4\" data-element_type=\"container\" data-e-type=\"container\" data-settings=\"{&quot;background_background&quot;:&quot;classic&quot;,&quot;animation&quot;:&quot;zoomIn&quot;}\">\n\t\t\t\t<div class=\"elementor-element elementor-element-671ec06 elementor-view-default elementor-widget elementor-widget-icon\" data-id=\"671ec06\" data-element_type=\"widget\" data-e-type=\"widget\" data-widget_type=\"icon.default\">\n\t\t\t\t<div class=\"elementor-widget-container\">\n\t\t\t\t\t\t\t<div class=\"elementor-icon-wrapper\">\n\t\t\t<div class=\"elementor-icon\">\n\t\t\t<i aria-hidden=\"true\" class=\"fas fa-quote-right\"><\/i>\t\t\t<\/div>\n\t\t<\/div>\n\t\t\t\t\t\t<\/div>\n\t\t\t\t<\/div>\n\t\t\t\t<div class=\"elementor-element elementor-element-c27f8b2 elementor-widget elementor-widget-testimonial\" data-id=\"c27f8b2\" data-element_type=\"widget\" data-e-type=\"widget\" data-widget_type=\"testimonial.default\">\n\t\t\t\t<div class=\"elementor-widget-container\">\n\t\t\t\t\t\t\t<div class=\"elementor-testimonial-wrapper\">\n\t\t\t\t\t\t\t<div class=\"elementor-testimonial-content\">Tr\u00e8s bon endroit pour s\u00e9journer. Emplacement dans la zone de vill\u00e9giature. Toutes les commodit\u00e9s sont disponibles. Touches bien pens\u00e9es. Beaucoup de nourriture et de magasins. La piscine \u00e9tait tr\u00e8s agr\u00e9able. La zone est propre. Meubles agr\u00e9ables. Besoins confortables avec beaucoup d'oreillers. Serviettes suppl\u00e9mentaires pour le bain et la piscine. H\u00e9bergement haut de gamme. L'h\u00f4te \u00e9tait si gentil et attentionn\u00e9. Excellente communication. Un livre avec toutes les informations n\u00e9cessaires. Vous devez payer pour votre consommation d'\u00e9lectricit\u00e9. C'\u00e9tait bien de faire relever le compteur au milieu de la semaine pour avoir une id\u00e9e du co\u00fbt de la consommation. Merci pour ce s\u00e9jour formidable ! Nous reviendrons certainement ici.<\/div>\n\t\t\t\n\t\t\t\t\t\t<div class=\"elementor-testimonial-meta\">\n\t\t\t\t<div class=\"elementor-testimonial-meta-inner\">\n\t\t\t\t\t\n\t\t\t\t\t\t\t\t\t\t<div class=\"elementor-testimonial-details\">\n\t\t\t\t\t\t\t\t\t\t\t\t\t\t<div class=\"elementor-testimonial-name\">Lisa<\/div>\n\t\t\t\t\t\t\t\t\t\t\t\t\t\t\t\t\t\t\t<\/div>\n\t\t\t\t\t\t\t\t\t<\/div>\n\t\t\t<\/div>\n\t\t\t\t\t<\/div>\n\t\t\t\t\t\t<\/div>\n\t\t\t\t<\/div>\n\t\t\t\t<\/div>\n\t\t<div class=\"elementor-element elementor-element-9e3c187 e-con-full e-flex elementor-invisible e-con e-child\" data-id=\"9e3c187\" data-element_type=\"container\" data-e-type=\"container\" data-settings=\"{&quot;background_background&quot;:&quot;classic&quot;,&quot;animation&quot;:&quot;zoomIn&quot;}\">\n\t\t\t\t<div class=\"elementor-element elementor-element-27bee6f elementor-view-default elementor-widget elementor-widget-icon\" data-id=\"27bee6f\" data-element_type=\"widget\" data-e-type=\"widget\" data-widget_type=\"icon.default\">\n\t\t\t\t<div class=\"elementor-widget-container\">\n\t\t\t\t\t\t\t<div class=\"elementor-icon-wrapper\">\n\t\t\t<div class=\"elementor-icon\">\n\t\t\t<i aria-hidden=\"true\" class=\"fas fa-quote-right\"><\/i>\t\t\t<\/div>\n\t\t<\/div>\n\t\t\t\t\t\t<\/div>\n\t\t\t\t<\/div>\n\t\t\t\t<div class=\"elementor-element elementor-element-c7d8b6f elementor-widget elementor-widget-testimonial\" data-id=\"c7d8b6f\" data-element_type=\"widget\" data-e-type=\"widget\" data-widget_type=\"testimonial.default\">\n\t\t\t\t<div class=\"elementor-widget-container\">\n\t\t\t\t\t\t\t<div class=\"elementor-testimonial-wrapper\">\n\t\t\t\t\t\t\t<div class=\"elementor-testimonial-content\">Mon mari et moi avons s\u00e9journ\u00e9 dans ce Airbnb en mai 2023 pour deux semaines. Je ne pouvais pas croire \u00e0 notre chance ! Enti\u00e8rement r\u00e9nov\u00e9 deux chambres \u00e0 coucher deux salles de bains condo. Le condo est magnifiquement d\u00e9cor\u00e9, super propre et tr\u00e8s bien meubl\u00e9 . Nous avions l'impression d'\u00eatre chez nous, mais en mieux.  Il y a trois balcons, le principal donnant sur une magnifique piscine. Le complexe est magnifique et tr\u00e8s s\u00fbr. Nous avons march\u00e9 partout, il nous fallait environ 5 minutes pour aller \u00e0 la plage, aux restaurants, au mini-march\u00e9 et aux bars. Vous n'avez pas besoin de voiture. Nous avons h\u00e2te de revenir l'ann\u00e9e prochaine ! \"<\/div>\n\t\t\t\n\t\t\t\t\t\t<div class=\"elementor-testimonial-meta\">\n\t\t\t\t<div class=\"elementor-testimonial-meta-inner\">\n\t\t\t\t\t\n\t\t\t\t\t\t\t\t\t\t<div class=\"elementor-testimonial-details\">\n\t\t\t\t\t\t\t\t\t\t\t\t\t\t<div class=\"elementor-testimonial-name\">St\u00e9phanie<\/div>\n\t\t\t\t\t\t\t\t\t\t\t\t\t\t\t\t\t\t\t<\/div>\n\t\t\t\t\t\t\t\t\t<\/div>\n\t\t\t<\/div>\n\t\t\t\t\t<\/div>\n\t\t\t\t\t\t<\/div>\n\t\t\t\t<\/div>\n\t\t\t\t<\/div>\n\t\t\t\t<\/div>\n\t\t<div class=\"elementor-element elementor-element-344c3ba e-con-full e-flex e-con e-child\" data-id=\"344c3ba\" data-element_type=\"container\" data-e-type=\"container\">\n\t\t<div class=\"elementor-element elementor-element-fba5581 e-con-full e-flex elementor-invisible e-con e-child\" data-id=\"fba5581\" data-element_type=\"container\" data-e-type=\"container\" data-settings=\"{&quot;background_background&quot;:&quot;classic&quot;,&quot;animation&quot;:&quot;zoomIn&quot;}\">\n\t\t\t\t<div class=\"elementor-element elementor-element-ad4a44c elementor-view-default elementor-widget elementor-widget-icon\" data-id=\"ad4a44c\" data-element_type=\"widget\" data-e-type=\"widget\" data-widget_type=\"icon.default\">\n\t\t\t\t<div class=\"elementor-widget-container\">\n\t\t\t\t\t\t\t<div class=\"elementor-icon-wrapper\">\n\t\t\t<div class=\"elementor-icon\">\n\t\t\t<i aria-hidden=\"true\" class=\"fas fa-quote-right\"><\/i>\t\t\t<\/div>\n\t\t<\/div>\n\t\t\t\t\t\t<\/div>\n\t\t\t\t<\/div>\n\t\t\t\t<div class=\"elementor-element elementor-element-f9a4f15 elementor-widget elementor-widget-testimonial\" data-id=\"f9a4f15\" data-element_type=\"widget\" data-e-type=\"widget\" data-widget_type=\"testimonial.default\">\n\t\t\t\t<div class=\"elementor-widget-container\">\n\t\t\t\t\t\t\t<div class=\"elementor-testimonial-wrapper\">\n\t\t\t\t\t\t\t<div class=\"elementor-testimonial-content\">Eug\u00e9nie a \u00e9t\u00e9 tr\u00e8s r\u00e9active aux messages et nous a aid\u00e9s \u00e0 r\u00e9pondre \u00e0 toutes nos questions. Elle nous a m\u00eame propos\u00e9 d'organiser le transport depuis et vers l'a\u00e9roport. L'appartement est charmant. Il y a une belle piscine propre juste en bas des escaliers et la plage n'est qu'\u00e0 dix minutes de marche. La cuisine \u00e9tait bien \u00e9quip\u00e9e, ce qui \u00e9tait parfait car nous avons choisi de cuisiner la plupart de nos repas. Nous avons beaucoup appr\u00e9ci\u00e9 notre s\u00e9jour !<\/div>\n\t\t\t\n\t\t\t\t\t\t<div class=\"elementor-testimonial-meta\">\n\t\t\t\t<div class=\"elementor-testimonial-meta-inner\">\n\t\t\t\t\t\n\t\t\t\t\t\t\t\t\t\t<div class=\"elementor-testimonial-details\">\n\t\t\t\t\t\t\t\t\t\t\t\t\t\t<div class=\"elementor-testimonial-name\">Beth<\/div>\n\t\t\t\t\t\t\t\t\t\t\t\t\t\t\t\t\t\t\t<\/div>\n\t\t\t\t\t\t\t\t\t<\/div>\n\t\t\t<\/div>\n\t\t\t\t\t<\/div>\n\t\t\t\t\t\t<\/div>\n\t\t\t\t<\/div>\n\t\t\t\t<\/div>\n\t\t<div class=\"elementor-element elementor-element-c6b7f32 e-con-full e-flex elementor-invisible e-con e-child\" data-id=\"c6b7f32\" data-element_type=\"container\" data-e-type=\"container\" data-settings=\"{&quot;background_background&quot;:&quot;classic&quot;,&quot;animation&quot;:&quot;zoomIn&quot;}\">\n\t\t\t\t<div class=\"elementor-element elementor-element-bc0d390 elementor-view-default elementor-widget elementor-widget-icon\" data-id=\"bc0d390\" data-element_type=\"widget\" data-e-type=\"widget\" data-widget_type=\"icon.default\">\n\t\t\t\t<div class=\"elementor-widget-container\">\n\t\t\t\t\t\t\t<div class=\"elementor-icon-wrapper\">\n\t\t\t<div class=\"elementor-icon\">\n\t\t\t<i aria-hidden=\"true\" class=\"fas fa-quote-right\"><\/i>\t\t\t<\/div>\n\t\t<\/div>\n\t\t\t\t\t\t<\/div>\n\t\t\t\t<\/div>\n\t\t\t\t<div class=\"elementor-element elementor-element-45534c7 elementor-widget elementor-widget-testimonial\" data-id=\"45534c7\" data-element_type=\"widget\" data-e-type=\"widget\" data-widget_type=\"testimonial.default\">\n\t\t\t\t<div class=\"elementor-widget-container\">\n\t\t\t\t\t\t\t<div class=\"elementor-testimonial-wrapper\">\n\t\t\t\t\t\t\t<div class=\"elementor-testimonial-content\">Mon s\u00e9jour a \u00e9t\u00e9 fantastique, je me suis sentie comme chez moi, un endroit calme pour se reposer, de nombreux endroits \u00e0 proximit\u00e9 \u00e0 appr\u00e9cier de jour comme de nuit, Eug\u00e9nie a \u00e9t\u00e9 un h\u00f4te exceptionnel, a r\u00e9pondu \u00e0 toutes nos demandes rapidement, je le recommande sans aucun doute et bien s\u00fbr je renouvellerais mon exp\u00e9rience \u00e0 l'avenir.<\/div>\n\t\t\t\n\t\t\t\t\t\t<div class=\"elementor-testimonial-meta\">\n\t\t\t\t<div class=\"elementor-testimonial-meta-inner\">\n\t\t\t\t\t\n\t\t\t\t\t\t\t\t\t\t<div class=\"elementor-testimonial-details\">\n\t\t\t\t\t\t\t\t\t\t\t\t\t\t<div class=\"elementor-testimonial-name\">Ana<\/div>\n\t\t\t\t\t\t\t\t\t\t\t\t\t\t\t\t\t\t\t<\/div>\n\t\t\t\t\t\t\t\t\t<\/div>\n\t\t\t<\/div>\n\t\t\t\t\t<\/div>\n\t\t\t\t\t\t<\/div>\n\t\t\t\t<\/div>\n\t\t\t\t<\/div>\n\t\t\t\t<\/div>\n\t\t<div class=\"elementor-element elementor-element-df12ce4 e-con-full e-flex e-con e-child\" data-id=\"df12ce4\" data-element_type=\"container\" data-e-type=\"container\">\n\t\t<div class=\"elementor-element elementor-element-3386635 e-con-full e-flex elementor-invisible e-con e-child\" data-id=\"3386635\" data-element_type=\"container\" data-e-type=\"container\" data-settings=\"{&quot;background_background&quot;:&quot;classic&quot;,&quot;animation&quot;:&quot;zoomIn&quot;}\">\n\t\t\t\t<div class=\"elementor-element elementor-element-b85d2aa elementor-view-default elementor-widget elementor-widget-icon\" data-id=\"b85d2aa\" data-element_type=\"widget\" data-e-type=\"widget\" data-widget_type=\"icon.default\">\n\t\t\t\t<div class=\"elementor-widget-container\">\n\t\t\t\t\t\t\t<div class=\"elementor-icon-wrapper\">\n\t\t\t<div class=\"elementor-icon\">\n\t\t\t<i aria-hidden=\"true\" class=\"fas fa-quote-right\"><\/i>\t\t\t<\/div>\n\t\t<\/div>\n\t\t\t\t\t\t<\/div>\n\t\t\t\t<\/div>\n\t\t\t\t<div class=\"elementor-element elementor-element-cfceba8 elementor-widget elementor-widget-testimonial\" data-id=\"cfceba8\" data-element_type=\"widget\" data-e-type=\"widget\" data-widget_type=\"testimonial.default\">\n\t\t\t\t<div class=\"elementor-widget-container\">\n\t\t\t\t\t\t\t<div class=\"elementor-testimonial-wrapper\">\n\t\t\t\t\t\t\t<div class=\"elementor-testimonial-content\">En novembre dernier, mon mari et moi avons lou\u00e9 un fabuleux appartement de deux chambres \u00e0 Punta Cana appel\u00e9 Casa Azul. Il avait \u00e9t\u00e9 enti\u00e8rement refait et r\u00e9nov\u00e9. Il y avait deux chambres \u00e0 coucher et deux salles de bains, un espace de vie g\u00e9nial et une grande cuisine. Tout \u00e9tait neuf ! Elle est situ\u00e9e dans un complexe tranquille donnant sur une \u00e9norme piscine. L'immense espace piscine est magnifiquement con\u00e7u et entour\u00e9 de chaises confortables, de tables et de parasols. Rien n'a \u00e9t\u00e9 laiss\u00e9 au hasard. C'\u00e9tait un endroit incroyable o\u00f9 nous avons h\u00e2te de retourner. Il est proche d'excellents petits restaurants et \u00e0 5 minutes \u00e0 pied de la plage !   Hautement recommand\u00e9 !   <\/div>\n\t\t\t\n\t\t\t\t\t\t<div class=\"elementor-testimonial-meta\">\n\t\t\t\t<div class=\"elementor-testimonial-meta-inner\">\n\t\t\t\t\t\n\t\t\t\t\t\t\t\t\t\t<div class=\"elementor-testimonial-details\">\n\t\t\t\t\t\t\t\t\t\t\t\t\t\t<div class=\"elementor-testimonial-name\">Merle<\/div>\n\t\t\t\t\t\t\t\t\t\t\t\t\t\t\t\t\t\t\t<\/div>\n\t\t\t\t\t\t\t\t\t<\/div>\n\t\t\t<\/div>\n\t\t\t\t\t<\/div>\n\t\t\t\t\t\t<\/div>\n\t\t\t\t<\/div>\n\t\t\t\t<\/div>\n\t\t<div class=\"elementor-element elementor-element-e1d00d2 e-con-full e-flex elementor-invisible e-con e-child\" data-id=\"e1d00d2\" data-element_type=\"container\" data-e-type=\"container\" data-settings=\"{&quot;background_background&quot;:&quot;classic&quot;,&quot;animation&quot;:&quot;zoomIn&quot;}\">\n\t\t\t\t<div class=\"elementor-element elementor-element-e740159 elementor-view-default elementor-widget elementor-widget-icon\" data-id=\"e740159\" data-element_type=\"widget\" data-e-type=\"widget\" data-widget_type=\"icon.default\">\n\t\t\t\t<div class=\"elementor-widget-container\">\n\t\t\t\t\t\t\t<div class=\"elementor-icon-wrapper\">\n\t\t\t<div class=\"elementor-icon\">\n\t\t\t<i aria-hidden=\"true\" class=\"fas fa-quote-right\"><\/i>\t\t\t<\/div>\n\t\t<\/div>\n\t\t\t\t\t\t<\/div>\n\t\t\t\t<\/div>\n\t\t\t\t<div class=\"elementor-element elementor-element-bfa6f97 elementor-widget elementor-widget-testimonial\" data-id=\"bfa6f97\" data-element_type=\"widget\" data-e-type=\"widget\" data-widget_type=\"testimonial.default\">\n\t\t\t\t<div class=\"elementor-widget-container\">\n\t\t\t\t\t\t\t<div class=\"elementor-testimonial-wrapper\">\n\t\t\t\t\t\t\t<div class=\"elementor-testimonial-content\">J'ai ador\u00e9. C'est exactement la description et les photos. Nous y s\u00e9journerons \u00e0 nouveau. Tout est accessible \u00e0 pied. Eug\u00e9nie est la meilleure et la plus serviable. On se sentait comme \u00e0 la maison. Le complexe d'appartements \u00e9tait propre et les autres r\u00e9sidents \u00e9taient \u00e9galement tr\u00e8s sympathiques.<\/div>\n\t\t\t\n\t\t\t\t\t\t<div class=\"elementor-testimonial-meta\">\n\t\t\t\t<div class=\"elementor-testimonial-meta-inner\">\n\t\t\t\t\t\n\t\t\t\t\t\t\t\t\t\t<div class=\"elementor-testimonial-details\">\n\t\t\t\t\t\t\t\t\t\t\t\t\t\t<div class=\"elementor-testimonial-name\">Christine<\/div>\n\t\t\t\t\t\t\t\t\t\t\t\t\t\t\t\t\t\t\t<\/div>\n\t\t\t\t\t\t\t\t\t<\/div>\n\t\t\t<\/div>\n\t\t\t\t\t<\/div>\n\t\t\t\t\t\t<\/div>\n\t\t\t\t<\/div>\n\t\t\t\t<\/div>\n\t\t\t\t<\/div>\n\t\t\t\t<\/div>\n\t\t\t\t<\/div>","protected":false},"excerpt":{"rendered":"<p>testimonials Discover Why Our Guests Love Casa Azul \u00a0 Great place to stay. Location in the resort area. All amenities available. Thoughtful touches. Plenty of food and shopping. The pool was so nice. The area clean. Furniture nice. Comfy needs with plenty pillows. Extra towels for bath and pool. Top of the line accommodations. The [&hellip;]<\/p>\n","protected":false},"author":2,"featured_media":0,"parent":0,"menu_order":0,"comment_status":"closed","ping_status":"closed","template":"","meta":{"footnotes":""},"class_list":["post-149","page","type-page","status-publish","hentry"],"_links":{"self":[{"href":"https:\/\/casa-azul-dr.com\/fr\/wp-json\/wp\/v2\/pages\/149","targetHints":{"allow":["GET"]}}],"collection":[{"href":"https:\/\/casa-azul-dr.com\/fr\/wp-json\/wp\/v2\/pages"}],"about":[{"href":"https:\/\/casa-azul-dr.com\/fr\/wp-json\/wp\/v2\/types\/page"}],"author":[{"embeddable":true,"href":"https:\/\/casa-azul-dr.com\/fr\/wp-json\/wp\/v2\/users\/2"}],"replies":[{"embeddable":true,"href":"https:\/\/casa-azul-dr.com\/fr\/wp-json\/wp\/v2\/comments?post=149"}],"version-history":[{"count":88,"href":"https:\/\/casa-azul-dr.com\/fr\/wp-json\/wp\/v2\/pages\/149\/revisions"}],"predecessor-version":[{"id":1884,"href":"https:\/\/casa-azul-dr.com\/fr\/wp-json\/wp\/v2\/pages\/149\/revisions\/1884"}],"wp:attachment":[{"href":"https:\/\/casa-azul-dr.com\/fr\/wp-json\/wp\/v2\/media?parent=149"}],"curies":[{"name":"wp","href":"https:\/\/api.w.org\/{rel}","templated":true}]}}