{"id":1530,"date":"2025-07-18T15:20:10","date_gmt":"2025-07-18T15:20:10","guid":{"rendered":"https:\/\/casa-azul-dr.com\/?post_type=product&#038;p=1530"},"modified":"2025-07-18T15:43:41","modified_gmt":"2025-07-18T15:43:41","slug":"discover-casa-azul","status":"publish","type":"product","link":"https:\/\/casa-azul-dr.com\/fr\/produit\/discover-casa-azul\/","title":{"rendered":"D\u00e9couvrir la Casa Azul"},"content":{"rendered":"<p>Ce condo de deux chambres et deux salles de bains, enti\u00e8rement r\u00e9nov\u00e9, vous apportera le confort n\u00e9cessaire pendant votre s\u00e9jour et vous accueillera dans un cadre paysager magnifique pour une ambiance sereine et paisible. Profitez du Wi-Fi \u00e0 haut d\u00e9bit et de la t\u00e9l\u00e9vision par c\u00e2ble, et n'h\u00e9sitez pas \u00e0 faire quelques brasses dans la piscine tout en profitant des espaces de d\u00e9tente. Soyez rassur\u00e9, notre appartement est situ\u00e9 dans une communaut\u00e9 ferm\u00e9e et s\u00e9curis\u00e9e, avec un service de s\u00e9curit\u00e9 24 heures sur 24 et 7 jours sur 7. Nous mettons un point d'honneur \u00e0 maintenir un espace propre et accueillant pour nos clients. Nous sommes \u00e0 5 minutes \u00e0 pied de la plage et \u00e0 proximit\u00e9 de nombreux bars, restaurants et march\u00e9s o\u00f9 vous pourrez vous immerger dans l'atmosph\u00e8re vibrante de Punta Cana.<\/p>","protected":false},"excerpt":{"rendered":"<p>Our newly completely renovated 2-bedroom, 2-bathroom condo will provide you with comfort during your stay, and greet you with beautifully landscaped surroundings for a serene and peaceful ambiance. Enjoy high-speed Wi-Fi and cable TV, and feel free to take a dip in the pool while making use of the lounging areas. Rest assured, our condo [&hellip;]<\/p>\n","protected":false},"featured_media":271,"comment_status":"open","ping_status":"closed","template":"","meta":[],"product_brand":[],"product_cat":[29],"product_tag":[],"class_list":{"0":"post-1530","1":"product","2":"type-product","3":"status-publish","4":"has-post-thumbnail","6":"product_cat-uncategorized","8":"first","9":"instock","10":"virtual","11":"sold-individually","12":"purchasable","13":"product-type-booking"},"_links":{"self":[{"href":"https:\/\/casa-azul-dr.com\/fr\/wp-json\/wp\/v2\/product\/1530","targetHints":{"allow":["GET"]}}],"collection":[{"href":"https:\/\/casa-azul-dr.com\/fr\/wp-json\/wp\/v2\/product"}],"about":[{"href":"https:\/\/casa-azul-dr.com\/fr\/wp-json\/wp\/v2\/types\/product"}],"replies":[{"embeddable":true,"href":"https:\/\/casa-azul-dr.com\/fr\/wp-json\/wp\/v2\/comments?post=1530"}],"wp:featuredmedia":[{"embeddable":true,"href":"https:\/\/casa-azul-dr.com\/fr\/wp-json\/wp\/v2\/media\/271"}],"wp:attachment":[{"href":"https:\/\/casa-azul-dr.com\/fr\/wp-json\/wp\/v2\/media?parent=1530"}],"wp:term":[{"taxonomy":"product_brand","embeddable":true,"href":"https:\/\/casa-azul-dr.com\/fr\/wp-json\/wp\/v2\/product_brand?post=1530"},{"taxonomy":"product_cat","embeddable":true,"href":"https:\/\/casa-azul-dr.com\/fr\/wp-json\/wp\/v2\/product_cat?post=1530"},{"taxonomy":"product_tag","embeddable":true,"href":"https:\/\/casa-azul-dr.com\/fr\/wp-json\/wp\/v2\/product_tag?post=1530"}],"curies":[{"name":"wp","href":"https:\/\/api.w.org\/{rel}","templated":true}]}}