{"id":149,"date":"2025-07-13T08:54:27","date_gmt":"2025-07-13T08:54:27","guid":{"rendered":"https:\/\/casa-azul-dr.com\/?page_id=149"},"modified":"2025-07-23T14:56:15","modified_gmt":"2025-07-23T14:56:15","slug":"testimonials","status":"publish","type":"page","link":"https:\/\/casa-azul-dr.com\/pt\/testimonials\/","title":{"rendered":"Testemunhos"},"content":{"rendered":"<div data-elementor-type=\"wp-page\" data-elementor-id=\"149\" class=\"elementor elementor-149\" data-elementor-post-type=\"page\">\n\t\t\t\t<div class=\"elementor-element elementor-element-79f45ee e-con-full e-flex e-con e-parent\" data-id=\"79f45ee\" data-element_type=\"container\" data-e-type=\"container\" data-settings=\"{&quot;background_background&quot;:&quot;classic&quot;}\">\n\t\t\t\t<div class=\"elementor-element elementor-element-396cb26 elementor-widget__width-initial elementor-widget elementor-widget-heading\" data-id=\"396cb26\" data-element_type=\"widget\" data-e-type=\"widget\" data-widget_type=\"heading.default\">\n\t\t\t\t<div class=\"elementor-widget-container\">\n\t\t\t\t\t<h2 class=\"elementor-heading-title elementor-size-default\">testemunhos\n<\/h2>\t\t\t\t<\/div>\n\t\t\t\t<\/div>\n\t\t\t\t<div class=\"elementor-element elementor-element-c26f9b0 elementor-widget elementor-widget-text-editor\" data-id=\"c26f9b0\" data-element_type=\"widget\" data-e-type=\"widget\" data-widget_type=\"text-editor.default\">\n\t\t\t\t<div class=\"elementor-widget-container\">\n\t\t\t\t\t\t\t\t\t<p class=\"x-el x-el-h1 c1-23 c1-2 c1-1r c1-1s c1-6c c1-39 c1-3a c1-25 c1-6d c1-4s c1-1j c1-4x c1-5o c1-2j c1-6e c1-5p c1-5q c1-5r c1-5s\" role=\"heading\" aria-level=\"1\" data-ux=\"SectionHeading\" data-aid=\"CONTENT_SECTION_TITLE_RENDERED\" data-promoted-from=\"2\" data-order=\"0\" data-typography=\"HeadingGamma\" data-font-scaled=\"true\"><span class=\"\" data-ux=\"Element\">Descubra porque \u00e9 que os nossos h\u00f3spedes adoram a Casa Azul<\/span><\/p><div class=\"x-el x-el-div x-el c1-1 c1-2 c1-1g c1-1f c1-b c1-c c1-6j c1-6k c1-d c1-e c1-f c1-g c1-1 c1-2 c1-19 c1-6l c1-6m c1-6n c1-25 c1-6o c1-6p c1-6q c1-b c1-c c1-6r c1-6s c1-6t c1-6u c1-d c1-e c1-f c1-g\" data-ux=\"ContentCards\"><div class=\"x-el x-el-div c1-1 c1-2 c1-6l c1-6v c1-6w c1-6x c1-z c1-3e c1-6y c1-37 c1-6z c1-19 c1-b c1-c c1-70 c1-71 c1-72 c1-73 c1-74 c1-75 c1-d c1-e c1-f c1-g\" data-ux=\"GridCell\"><div class=\"x-el x-el-div x-el c1-1 c1-2 c1-s c1-19 c1-5i c1-1b c1-1g c1-1d c1-4 c1-76 c1-77 c1-78 c1-6v c1-56 c1-17 c1-16 c1-b c1-c c1-6j c1-6k c1-d c1-e c1-f c1-g c1-1 c1-2 c1-b c1-c c1-d c1-e c1-f c1-g\" data-ux=\"ContentCard\"><div class=\"x-el x-el-div c1-1 c1-2 c1-4 c1-s c1-79 c1-b c1-c c1-7a c1-d c1-15 c1-e c1-f c1-g\" data-ux=\"Block\">\u00a0<\/div><\/div><\/div><\/div>\t\t\t\t\t\t\t\t<\/div>\n\t\t\t\t<\/div>\n\t\t\t\t<\/div>\n\t\t<div class=\"elementor-element elementor-element-f710142 e-con-full e-flex e-con e-parent\" data-id=\"f710142\" data-element_type=\"container\" data-e-type=\"container\">\n\t\t<div class=\"elementor-element elementor-element-63b2495 e-con-full e-flex e-con e-child\" data-id=\"63b2495\" data-element_type=\"container\" data-e-type=\"container\">\n\t\t<div class=\"elementor-element elementor-element-366f2f4 e-con-full e-flex elementor-invisible e-con e-child\" data-id=\"366f2f4\" data-element_type=\"container\" data-e-type=\"container\" data-settings=\"{&quot;background_background&quot;:&quot;classic&quot;,&quot;animation&quot;:&quot;zoomIn&quot;}\">\n\t\t\t\t<div class=\"elementor-element elementor-element-671ec06 elementor-view-default elementor-widget elementor-widget-icon\" data-id=\"671ec06\" data-element_type=\"widget\" data-e-type=\"widget\" data-widget_type=\"icon.default\">\n\t\t\t\t<div class=\"elementor-widget-container\">\n\t\t\t\t\t\t\t<div class=\"elementor-icon-wrapper\">\n\t\t\t<div class=\"elementor-icon\">\n\t\t\t<i aria-hidden=\"true\" class=\"fas fa-quote-right\"><\/i>\t\t\t<\/div>\n\t\t<\/div>\n\t\t\t\t\t\t<\/div>\n\t\t\t\t<\/div>\n\t\t\t\t<div class=\"elementor-element elementor-element-c27f8b2 elementor-widget elementor-widget-testimonial\" data-id=\"c27f8b2\" data-element_type=\"widget\" data-e-type=\"widget\" data-widget_type=\"testimonial.default\">\n\t\t\t\t<div class=\"elementor-widget-container\">\n\t\t\t\t\t\t\t<div class=\"elementor-testimonial-wrapper\">\n\t\t\t\t\t\t\t<div class=\"elementor-testimonial-content\">\u00d3timo local para ficar. Localiza\u00e7\u00e3o na \u00e1rea do resort. Todas as comodidades dispon\u00edveis. Toques atenciosos. Muita comida e compras. A piscina era muito agrad\u00e1vel. A \u00e1rea \u00e9 limpa. Mobili\u00e1rio agrad\u00e1vel. Necessidades confort\u00e1veis com muitas almofadas. Toalhas extra para a casa de banho e piscina. Alojamento topo de gama. O anfitri\u00e3o foi muito simp\u00e1tico e atencioso. \u00d3ptima comunica\u00e7\u00e3o. Um livro com toda a informa\u00e7\u00e3o necess\u00e1ria. Tem de pagar pela sua utiliza\u00e7\u00e3o de eletricidade. Foi bom ter o contador lido a meio da semana para ter uma ideia do custo do consumo. Obrigado por uma \u00f3ptima estadia! N\u00f3s vamos ficar aqui novamente.<\/div>\n\t\t\t\n\t\t\t\t\t\t<div class=\"elementor-testimonial-meta\">\n\t\t\t\t<div class=\"elementor-testimonial-meta-inner\">\n\t\t\t\t\t\n\t\t\t\t\t\t\t\t\t\t<div class=\"elementor-testimonial-details\">\n\t\t\t\t\t\t\t\t\t\t\t\t\t\t<div class=\"elementor-testimonial-name\">Lisa<\/div>\n\t\t\t\t\t\t\t\t\t\t\t\t\t\t\t\t\t\t\t<\/div>\n\t\t\t\t\t\t\t\t\t<\/div>\n\t\t\t<\/div>\n\t\t\t\t\t<\/div>\n\t\t\t\t\t\t<\/div>\n\t\t\t\t<\/div>\n\t\t\t\t<\/div>\n\t\t<div class=\"elementor-element elementor-element-9e3c187 e-con-full e-flex elementor-invisible e-con e-child\" data-id=\"9e3c187\" data-element_type=\"container\" data-e-type=\"container\" data-settings=\"{&quot;background_background&quot;:&quot;classic&quot;,&quot;animation&quot;:&quot;zoomIn&quot;}\">\n\t\t\t\t<div class=\"elementor-element elementor-element-27bee6f elementor-view-default elementor-widget elementor-widget-icon\" data-id=\"27bee6f\" data-element_type=\"widget\" data-e-type=\"widget\" data-widget_type=\"icon.default\">\n\t\t\t\t<div class=\"elementor-widget-container\">\n\t\t\t\t\t\t\t<div class=\"elementor-icon-wrapper\">\n\t\t\t<div class=\"elementor-icon\">\n\t\t\t<i aria-hidden=\"true\" class=\"fas fa-quote-right\"><\/i>\t\t\t<\/div>\n\t\t<\/div>\n\t\t\t\t\t\t<\/div>\n\t\t\t\t<\/div>\n\t\t\t\t<div class=\"elementor-element elementor-element-c7d8b6f elementor-widget elementor-widget-testimonial\" data-id=\"c7d8b6f\" data-element_type=\"widget\" data-e-type=\"widget\" data-widget_type=\"testimonial.default\">\n\t\t\t\t<div class=\"elementor-widget-container\">\n\t\t\t\t\t\t\t<div class=\"elementor-testimonial-wrapper\">\n\t\t\t\t\t\t\t<div class=\"elementor-testimonial-content\">O meu marido e eu fic\u00e1mos neste Airbnb em maio de 2023 durante duas semanas. Eu n\u00e3o podia acreditar na nossa sorte! Condom\u00ednio totalmente renovado com dois quartos e duas casas de banho. O condom\u00ednio est\u00e1 lindamente decorado, super limpo e muito bem mobilado. Sentimo-nos como se estiv\u00e9ssemos em nossa casa, ainda melhor.  H\u00e1 tr\u00eas varandas, a principal tem vista para uma piscina linda. O complexo \u00e9 lindo e muito seguro. And\u00e1mos por todo o lado, demor\u00e1mos cerca de 5 minutos a ir \u00e0 praia, a restaurantes, a um mini-mercado e a bares. N\u00e3o precisa de carro. Estamos muito ansiosos para voltar no pr\u00f3ximo ano! \"<\/div>\n\t\t\t\n\t\t\t\t\t\t<div class=\"elementor-testimonial-meta\">\n\t\t\t\t<div class=\"elementor-testimonial-meta-inner\">\n\t\t\t\t\t\n\t\t\t\t\t\t\t\t\t\t<div class=\"elementor-testimonial-details\">\n\t\t\t\t\t\t\t\t\t\t\t\t\t\t<div class=\"elementor-testimonial-name\">Stephanie<\/div>\n\t\t\t\t\t\t\t\t\t\t\t\t\t\t\t\t\t\t\t<\/div>\n\t\t\t\t\t\t\t\t\t<\/div>\n\t\t\t<\/div>\n\t\t\t\t\t<\/div>\n\t\t\t\t\t\t<\/div>\n\t\t\t\t<\/div>\n\t\t\t\t<\/div>\n\t\t\t\t<\/div>\n\t\t<div class=\"elementor-element elementor-element-344c3ba e-con-full e-flex e-con e-child\" data-id=\"344c3ba\" data-element_type=\"container\" data-e-type=\"container\">\n\t\t<div class=\"elementor-element elementor-element-fba5581 e-con-full e-flex elementor-invisible e-con e-child\" data-id=\"fba5581\" data-element_type=\"container\" data-e-type=\"container\" data-settings=\"{&quot;background_background&quot;:&quot;classic&quot;,&quot;animation&quot;:&quot;zoomIn&quot;}\">\n\t\t\t\t<div class=\"elementor-element elementor-element-ad4a44c elementor-view-default elementor-widget elementor-widget-icon\" data-id=\"ad4a44c\" data-element_type=\"widget\" data-e-type=\"widget\" data-widget_type=\"icon.default\">\n\t\t\t\t<div class=\"elementor-widget-container\">\n\t\t\t\t\t\t\t<div class=\"elementor-icon-wrapper\">\n\t\t\t<div class=\"elementor-icon\">\n\t\t\t<i aria-hidden=\"true\" class=\"fas fa-quote-right\"><\/i>\t\t\t<\/div>\n\t\t<\/div>\n\t\t\t\t\t\t<\/div>\n\t\t\t\t<\/div>\n\t\t\t\t<div class=\"elementor-element elementor-element-f9a4f15 elementor-widget elementor-widget-testimonial\" data-id=\"f9a4f15\" data-element_type=\"widget\" data-e-type=\"widget\" data-widget_type=\"testimonial.default\">\n\t\t\t\t<div class=\"elementor-widget-container\">\n\t\t\t\t\t\t\t<div class=\"elementor-testimonial-wrapper\">\n\t\t\t\t\t\t\t<div class=\"elementor-testimonial-content\">A Eugenie foi muito recetiva \u00e0s mensagens e prest\u00e1vel em todas as nossas quest\u00f5es. Ela at\u00e9 se ofereceu para organizar o transporte de e para o aeroporto. O condom\u00ednio \u00e9 lindo. H\u00e1 uma piscina bonita e limpa mesmo ao fundo das escadas e a praia fica apenas a dez minutos a p\u00e9. A cozinha estava bem equipada, o que foi perfeito, pois opt\u00e1mos por cozinhar a maior parte das nossas refei\u00e7\u00f5es. Gost\u00e1mos muito da nossa estadia!<\/div>\n\t\t\t\n\t\t\t\t\t\t<div class=\"elementor-testimonial-meta\">\n\t\t\t\t<div class=\"elementor-testimonial-meta-inner\">\n\t\t\t\t\t\n\t\t\t\t\t\t\t\t\t\t<div class=\"elementor-testimonial-details\">\n\t\t\t\t\t\t\t\t\t\t\t\t\t\t<div class=\"elementor-testimonial-name\">Beth<\/div>\n\t\t\t\t\t\t\t\t\t\t\t\t\t\t\t\t\t\t\t<\/div>\n\t\t\t\t\t\t\t\t\t<\/div>\n\t\t\t<\/div>\n\t\t\t\t\t<\/div>\n\t\t\t\t\t\t<\/div>\n\t\t\t\t<\/div>\n\t\t\t\t<\/div>\n\t\t<div class=\"elementor-element elementor-element-c6b7f32 e-con-full e-flex elementor-invisible e-con e-child\" data-id=\"c6b7f32\" data-element_type=\"container\" data-e-type=\"container\" data-settings=\"{&quot;background_background&quot;:&quot;classic&quot;,&quot;animation&quot;:&quot;zoomIn&quot;}\">\n\t\t\t\t<div class=\"elementor-element elementor-element-bc0d390 elementor-view-default elementor-widget elementor-widget-icon\" data-id=\"bc0d390\" data-element_type=\"widget\" data-e-type=\"widget\" data-widget_type=\"icon.default\">\n\t\t\t\t<div class=\"elementor-widget-container\">\n\t\t\t\t\t\t\t<div class=\"elementor-icon-wrapper\">\n\t\t\t<div class=\"elementor-icon\">\n\t\t\t<i aria-hidden=\"true\" class=\"fas fa-quote-right\"><\/i>\t\t\t<\/div>\n\t\t<\/div>\n\t\t\t\t\t\t<\/div>\n\t\t\t\t<\/div>\n\t\t\t\t<div class=\"elementor-element elementor-element-45534c7 elementor-widget elementor-widget-testimonial\" data-id=\"45534c7\" data-element_type=\"widget\" data-e-type=\"widget\" data-widget_type=\"testimonial.default\">\n\t\t\t\t<div class=\"elementor-widget-container\">\n\t\t\t\t\t\t\t<div class=\"elementor-testimonial-wrapper\">\n\t\t\t\t\t\t\t<div class=\"elementor-testimonial-content\">A minha estadia foi fant\u00e1stica, senti-me em casa, uma zona tranquila para descansar, muitos locais pr\u00f3ximos para desfrutar tanto de dia como de noite, a Eugenie foi uma anfitri\u00e3 excecional, respondeu rapidamente a todos os nossos pedidos, recomendo-a sem d\u00favida e, claro, voltaria a repetir a minha experi\u00eancia.<\/div>\n\t\t\t\n\t\t\t\t\t\t<div class=\"elementor-testimonial-meta\">\n\t\t\t\t<div class=\"elementor-testimonial-meta-inner\">\n\t\t\t\t\t\n\t\t\t\t\t\t\t\t\t\t<div class=\"elementor-testimonial-details\">\n\t\t\t\t\t\t\t\t\t\t\t\t\t\t<div class=\"elementor-testimonial-name\">Ana<\/div>\n\t\t\t\t\t\t\t\t\t\t\t\t\t\t\t\t\t\t\t<\/div>\n\t\t\t\t\t\t\t\t\t<\/div>\n\t\t\t<\/div>\n\t\t\t\t\t<\/div>\n\t\t\t\t\t\t<\/div>\n\t\t\t\t<\/div>\n\t\t\t\t<\/div>\n\t\t\t\t<\/div>\n\t\t<div class=\"elementor-element elementor-element-df12ce4 e-con-full e-flex e-con e-child\" data-id=\"df12ce4\" data-element_type=\"container\" data-e-type=\"container\">\n\t\t<div class=\"elementor-element elementor-element-3386635 e-con-full e-flex elementor-invisible e-con e-child\" data-id=\"3386635\" data-element_type=\"container\" data-e-type=\"container\" data-settings=\"{&quot;background_background&quot;:&quot;classic&quot;,&quot;animation&quot;:&quot;zoomIn&quot;}\">\n\t\t\t\t<div class=\"elementor-element elementor-element-b85d2aa elementor-view-default elementor-widget elementor-widget-icon\" data-id=\"b85d2aa\" data-element_type=\"widget\" data-e-type=\"widget\" data-widget_type=\"icon.default\">\n\t\t\t\t<div class=\"elementor-widget-container\">\n\t\t\t\t\t\t\t<div class=\"elementor-icon-wrapper\">\n\t\t\t<div class=\"elementor-icon\">\n\t\t\t<i aria-hidden=\"true\" class=\"fas fa-quote-right\"><\/i>\t\t\t<\/div>\n\t\t<\/div>\n\t\t\t\t\t\t<\/div>\n\t\t\t\t<\/div>\n\t\t\t\t<div class=\"elementor-element elementor-element-cfceba8 elementor-widget elementor-widget-testimonial\" data-id=\"cfceba8\" data-element_type=\"widget\" data-e-type=\"widget\" data-widget_type=\"testimonial.default\">\n\t\t\t\t<div class=\"elementor-widget-container\">\n\t\t\t\t\t\t\t<div class=\"elementor-testimonial-wrapper\">\n\t\t\t\t\t\t\t<div class=\"elementor-testimonial-content\">Em novembro passado, o meu marido e eu alug\u00e1mos um fabuloso apartamento de dois quartos em Punta Cana chamado Casa Azul. Tinha sido totalmente refeito e completamente renovado. Tinha dois quartos e duas casas de banho, uma sala de estar fant\u00e1stica e uma \u00f3ptima cozinha. Tudo estava novinho em folha! Est\u00e1 situada num complexo tranquilo com vista para uma enorme piscina. A enorme \u00e1rea da piscina est\u00e1 muito bem desenhada e rodeada de cadeiras, mesas e guarda-s\u00f3is confort\u00e1veis. N\u00e3o deixaram nada ao acaso. Foi um lugar incr\u00edvel para o qual n\u00e3o podemos esperar para voltar. Fica perto de \u00f3ptimos pequenos restaurantes e a 5 minutos a p\u00e9 da praia!   Altamente recomendado!   <\/div>\n\t\t\t\n\t\t\t\t\t\t<div class=\"elementor-testimonial-meta\">\n\t\t\t\t<div class=\"elementor-testimonial-meta-inner\">\n\t\t\t\t\t\n\t\t\t\t\t\t\t\t\t\t<div class=\"elementor-testimonial-details\">\n\t\t\t\t\t\t\t\t\t\t\t\t\t\t<div class=\"elementor-testimonial-name\">Merle<\/div>\n\t\t\t\t\t\t\t\t\t\t\t\t\t\t\t\t\t\t\t<\/div>\n\t\t\t\t\t\t\t\t\t<\/div>\n\t\t\t<\/div>\n\t\t\t\t\t<\/div>\n\t\t\t\t\t\t<\/div>\n\t\t\t\t<\/div>\n\t\t\t\t<\/div>\n\t\t<div class=\"elementor-element elementor-element-e1d00d2 e-con-full e-flex elementor-invisible e-con e-child\" data-id=\"e1d00d2\" data-element_type=\"container\" data-e-type=\"container\" data-settings=\"{&quot;background_background&quot;:&quot;classic&quot;,&quot;animation&quot;:&quot;zoomIn&quot;}\">\n\t\t\t\t<div class=\"elementor-element elementor-element-e740159 elementor-view-default elementor-widget elementor-widget-icon\" data-id=\"e740159\" data-element_type=\"widget\" data-e-type=\"widget\" data-widget_type=\"icon.default\">\n\t\t\t\t<div class=\"elementor-widget-container\">\n\t\t\t\t\t\t\t<div class=\"elementor-icon-wrapper\">\n\t\t\t<div class=\"elementor-icon\">\n\t\t\t<i aria-hidden=\"true\" class=\"fas fa-quote-right\"><\/i>\t\t\t<\/div>\n\t\t<\/div>\n\t\t\t\t\t\t<\/div>\n\t\t\t\t<\/div>\n\t\t\t\t<div class=\"elementor-element elementor-element-bfa6f97 elementor-widget elementor-widget-testimonial\" data-id=\"bfa6f97\" data-element_type=\"widget\" data-e-type=\"widget\" data-widget_type=\"testimonial.default\">\n\t\t\t\t<div class=\"elementor-widget-container\">\n\t\t\t\t\t\t\t<div class=\"elementor-testimonial-wrapper\">\n\t\t\t\t\t\t\t<div class=\"elementor-testimonial-content\">Adorei. A descri\u00e7\u00e3o e as imagens s\u00e3o exatamente as mesmas. Voltaremos a ficar l\u00e1. Tudo a uma curta dist\u00e2ncia a p\u00e9. A Eugenie \u00e9 a melhor e a mais prest\u00e1vel. Foi como estar em casa. O complexo de apartamentos era limpo e os outros residentes tamb\u00e9m eram muito simp\u00e1ticos.<\/div>\n\t\t\t\n\t\t\t\t\t\t<div class=\"elementor-testimonial-meta\">\n\t\t\t\t<div class=\"elementor-testimonial-meta-inner\">\n\t\t\t\t\t\n\t\t\t\t\t\t\t\t\t\t<div class=\"elementor-testimonial-details\">\n\t\t\t\t\t\t\t\t\t\t\t\t\t\t<div class=\"elementor-testimonial-name\">Cristina<\/div>\n\t\t\t\t\t\t\t\t\t\t\t\t\t\t\t\t\t\t\t<\/div>\n\t\t\t\t\t\t\t\t\t<\/div>\n\t\t\t<\/div>\n\t\t\t\t\t<\/div>\n\t\t\t\t\t\t<\/div>\n\t\t\t\t<\/div>\n\t\t\t\t<\/div>\n\t\t\t\t<\/div>\n\t\t\t\t<\/div>\n\t\t\t\t<\/div>","protected":false},"excerpt":{"rendered":"<p>testimonials Discover Why Our Guests Love Casa Azul \u00a0 Great place to stay. Location in the resort area. All amenities available. Thoughtful touches. Plenty of food and shopping. The pool was so nice. The area clean. Furniture nice. Comfy needs with plenty pillows. Extra towels for bath and pool. Top of the line accommodations. The [&hellip;]<\/p>\n","protected":false},"author":2,"featured_media":0,"parent":0,"menu_order":0,"comment_status":"closed","ping_status":"closed","template":"","meta":{"footnotes":""},"class_list":["post-149","page","type-page","status-publish","hentry"],"_links":{"self":[{"href":"https:\/\/casa-azul-dr.com\/pt\/wp-json\/wp\/v2\/pages\/149","targetHints":{"allow":["GET"]}}],"collection":[{"href":"https:\/\/casa-azul-dr.com\/pt\/wp-json\/wp\/v2\/pages"}],"about":[{"href":"https:\/\/casa-azul-dr.com\/pt\/wp-json\/wp\/v2\/types\/page"}],"author":[{"embeddable":true,"href":"https:\/\/casa-azul-dr.com\/pt\/wp-json\/wp\/v2\/users\/2"}],"replies":[{"embeddable":true,"href":"https:\/\/casa-azul-dr.com\/pt\/wp-json\/wp\/v2\/comments?post=149"}],"version-history":[{"count":88,"href":"https:\/\/casa-azul-dr.com\/pt\/wp-json\/wp\/v2\/pages\/149\/revisions"}],"predecessor-version":[{"id":1884,"href":"https:\/\/casa-azul-dr.com\/pt\/wp-json\/wp\/v2\/pages\/149\/revisions\/1884"}],"wp:attachment":[{"href":"https:\/\/casa-azul-dr.com\/pt\/wp-json\/wp\/v2\/media?parent=149"}],"curies":[{"name":"wp","href":"https:\/\/api.w.org\/{rel}","templated":true}]}}