{"id":151,"date":"2025-07-13T08:54:44","date_gmt":"2025-07-13T08:54:44","guid":{"rendered":"https:\/\/casa-azul-dr.com\/?page_id=151"},"modified":"2025-08-14T16:46:57","modified_gmt":"2025-08-14T16:46:57","slug":"contact-us","status":"publish","type":"page","link":"https:\/\/casa-azul-dr.com\/pt\/contact-us\/","title":{"rendered":"Contactar-nos"},"content":{"rendered":"\t\t<div data-elementor-type=\"wp-page\" data-elementor-id=\"151\" class=\"elementor elementor-151\" data-elementor-post-type=\"page\">\n\t\t\t\t<div class=\"elementor-element elementor-element-36a5d00 e-con-full e-flex e-con e-parent\" data-id=\"36a5d00\" data-element_type=\"container\" data-e-type=\"container\" data-settings=\"{&quot;background_background&quot;:&quot;classic&quot;}\">\n\t\t\t\t<div class=\"elementor-element elementor-element-230321e elementor-widget__width-initial elementor-widget elementor-widget-heading\" data-id=\"230321e\" data-element_type=\"widget\" data-e-type=\"widget\" data-widget_type=\"heading.default\">\n\t\t\t\t<div class=\"elementor-widget-container\">\n\t\t\t\t\t<h2 class=\"elementor-heading-title elementor-size-default\">Contact \n<\/h2>\t\t\t\t<\/div>\n\t\t\t\t<\/div>\n\t\t\t\t<div class=\"elementor-element elementor-element-227d866 elementor-widget elementor-widget-text-editor\" data-id=\"227d866\" data-element_type=\"widget\" data-e-type=\"widget\" data-widget_type=\"text-editor.default\">\n\t\t\t\t<div class=\"elementor-widget-container\">\n\t\t\t\t\t\t\t\t\t<p class=\"sc_item_title sc_title_title sc_item_title_style_default sc_item_title_tag\"><span class=\"sc_item_title_text\">Have questions? Get in touch!<\/span><\/p><div class=\"x-el x-el-div x-el c1-1 c1-2 c1-1g c1-1f c1-b c1-c c1-6j c1-6k c1-d c1-e c1-f c1-g c1-1 c1-2 c1-19 c1-6l c1-6m c1-6n c1-25 c1-6o c1-6p c1-6q c1-b c1-c c1-6r c1-6s c1-6t c1-6u c1-d c1-e c1-f c1-g\" data-ux=\"ContentCards\"><div class=\"x-el x-el-div c1-1 c1-2 c1-6l c1-6v c1-6w c1-6x c1-z c1-3e c1-6y c1-37 c1-6z c1-19 c1-b c1-c c1-70 c1-71 c1-72 c1-73 c1-74 c1-75 c1-d c1-e c1-f c1-g\" data-ux=\"GridCell\"><div class=\"x-el x-el-div x-el c1-1 c1-2 c1-s c1-19 c1-5i c1-1b c1-1g c1-1d c1-4 c1-76 c1-77 c1-78 c1-6v c1-56 c1-17 c1-16 c1-b c1-c c1-6j c1-6k c1-d c1-e c1-f c1-g c1-1 c1-2 c1-b c1-c c1-d c1-e c1-f c1-g\" data-ux=\"ContentCard\"><div class=\"x-el x-el-div c1-1 c1-2 c1-4 c1-s c1-79 c1-b c1-c c1-7a c1-d c1-15 c1-e c1-f c1-g\" data-ux=\"Block\">\u00a0<\/div><\/div><\/div><\/div>\t\t\t\t\t\t\t\t<\/div>\n\t\t\t\t<\/div>\n\t\t\t\t<\/div>\n\t\t<div class=\"elementor-element elementor-element-a60c689 e-con-full e-flex e-con e-parent\" data-id=\"a60c689\" data-element_type=\"container\" data-e-type=\"container\" data-settings=\"{&quot;background_background&quot;:&quot;classic&quot;}\">\n\t\t<div class=\"elementor-element elementor-element-0bf2d64 e-con-full e-flex e-con e-child\" data-id=\"0bf2d64\" data-element_type=\"container\" data-e-type=\"container\">\n\t\t\t\t<div class=\"elementor-element elementor-element-fa55da7 elementor-widget__width-initial elementor-widget elementor-widget-image\" data-id=\"fa55da7\" data-element_type=\"widget\" data-e-type=\"widget\" data-widget_type=\"image.default\">\n\t\t\t\t<div class=\"elementor-widget-container\">\n\t\t\t\t\t\t\t\t\t\t\t\t\t\t\t<img fetchpriority=\"high\" decoding=\"async\" width=\"1600\" height=\"1600\" src=\"https:\/\/casa-azul-dr.com\/wp-content\/uploads\/2025\/07\/rsw_2320h_2320.webp\" class=\"attachment-full size-full wp-image-1018\" alt=\"\" srcset=\"https:\/\/casa-azul-dr.com\/wp-content\/uploads\/2025\/07\/rsw_2320h_2320.webp 1600w, https:\/\/casa-azul-dr.com\/wp-content\/uploads\/2025\/07\/rsw_2320h_2320-300x300.webp 300w, https:\/\/casa-azul-dr.com\/wp-content\/uploads\/2025\/07\/rsw_2320h_2320-1024x1024.webp 1024w, https:\/\/casa-azul-dr.com\/wp-content\/uploads\/2025\/07\/rsw_2320h_2320-150x150.webp 150w, https:\/\/casa-azul-dr.com\/wp-content\/uploads\/2025\/07\/rsw_2320h_2320-768x768.webp 768w, https:\/\/casa-azul-dr.com\/wp-content\/uploads\/2025\/07\/rsw_2320h_2320-1536x1536.webp 1536w, https:\/\/casa-azul-dr.com\/wp-content\/uploads\/2025\/07\/rsw_2320h_2320-700x700.webp 700w\" sizes=\"(max-width: 1600px) 100vw, 1600px\" \/>\t\t\t\t\t\t\t\t\t\t\t\t\t\t\t<\/div>\n\t\t\t\t<\/div>\n\t\t\t\t<div class=\"elementor-element elementor-element-fa4fdeb elementor-widget__width-initial elementor-widget elementor-widget-heading\" data-id=\"fa4fdeb\" data-element_type=\"widget\" data-e-type=\"widget\" data-widget_type=\"heading.default\">\n\t\t\t\t<div class=\"elementor-widget-container\">\n\t\t\t\t\t<h2 class=\"elementor-heading-title elementor-size-default\">Send Us a Message<\/h2>\t\t\t\t<\/div>\n\t\t\t\t<\/div>\n\t\t\t\t<div class=\"elementor-element elementor-element-8cecc79 elementor-widget elementor-widget-text-editor\" data-id=\"8cecc79\" data-element_type=\"widget\" data-e-type=\"widget\" data-widget_type=\"text-editor.default\">\n\t\t\t\t<div class=\"elementor-widget-container\">\n\t\t\t\t\t\t\t\t\t<p>We love our customers, so feel free to ask any questions or make any requests by sending us a message on <span style=\"color: #333333;\"><a style=\"color: #333333;\" href=\"https:\/\/wa.me\/15144976105\"><strong>WhatsApp<\/strong><\/a><\/span>, or, checking us out on <span style=\"color: #333333;\"><a href=\"https:\/\/www.airbnb.ca\/rooms\/916863088822745621\" target=\"_blank\" rel=\"noopener\"><strong><span style=\"color: #333333;\">Airbnb.<\/span><\/strong><\/a><\/span><\/p>\t\t\t\t\t\t\t\t<\/div>\n\t\t\t\t<\/div>\n\t\t\t\t<\/div>\n\t\t<div class=\"elementor-element elementor-element-b0c7203 e-con-full e-flex e-con e-child\" data-id=\"b0c7203\" data-element_type=\"container\" data-e-type=\"container\">\n\t\t\t\t<div class=\"elementor-element elementor-element-8576098 elementor-widget__width-initial elementor-button-align-stretch elementor-widget elementor-widget-form\" data-id=\"8576098\" data-element_type=\"widget\" data-e-type=\"widget\" data-settings=\"{&quot;step_next_label&quot;:&quot;Next&quot;,&quot;step_previous_label&quot;:&quot;Previous&quot;,&quot;button_width&quot;:&quot;100&quot;,&quot;step_type&quot;:&quot;number_text&quot;,&quot;step_icon_shape&quot;:&quot;circle&quot;}\" data-widget_type=\"form.default\">\n\t\t\t\t<div class=\"elementor-widget-container\">\n\t\t\t\t\t\t\t<form class=\"elementor-form\" method=\"post\" name=\"New Form\" aria-label=\"New Form\">\n\t\t\t<input type=\"hidden\" name=\"post_id\" value=\"151\"\/>\n\t\t\t<input type=\"hidden\" name=\"form_id\" value=\"8576098\"\/>\n\t\t\t<input type=\"hidden\" name=\"referer_title\" value=\"Contact Us\" \/>\n\n\t\t\t\t\t\t\t<input type=\"hidden\" name=\"queried_id\" value=\"151\"\/>\n\t\t\t\n\t\t\t<div class=\"elementor-form-fields-wrapper elementor-labels-above\">\n\t\t\t\t\t\t\t\t<div class=\"elementor-field-type-text elementor-field-group elementor-column elementor-field-group-name elementor-col-50\">\n\t\t\t\t\t\t\t\t\t\t\t\t<label for=\"form-field-name\" class=\"elementor-field-label\">\n\t\t\t\t\t\t\t\tFirst Name\t\t\t\t\t\t\t<\/label>\n\t\t\t\t\t\t\t\t\t\t\t\t\t\t<input size=\"1\" type=\"text\" name=\"form_fields[name]\" id=\"form-field-name\" class=\"elementor-field elementor-size-md  elementor-field-textual\">\n\t\t\t\t\t\t\t\t\t\t\t<\/div>\n\t\t\t\t\t\t\t\t<div class=\"elementor-field-type-text elementor-field-group elementor-column elementor-field-group-field_61846e8 elementor-col-50\">\n\t\t\t\t\t\t\t\t\t\t\t\t<label for=\"form-field-field_61846e8\" class=\"elementor-field-label\">\n\t\t\t\t\t\t\t\tLast Name\t\t\t\t\t\t\t<\/label>\n\t\t\t\t\t\t\t\t\t\t\t\t\t\t<input size=\"1\" type=\"text\" name=\"form_fields[field_61846e8]\" id=\"form-field-field_61846e8\" class=\"elementor-field elementor-size-md  elementor-field-textual\">\n\t\t\t\t\t\t\t\t\t\t\t<\/div>\n\t\t\t\t\t\t\t\t<div class=\"elementor-field-type-tel elementor-field-group elementor-column elementor-field-group-field_95c1f5c elementor-col-100\">\n\t\t\t\t\t\t\t\t\t\t\t\t<label for=\"form-field-field_95c1f5c\" class=\"elementor-field-label\">\n\t\t\t\t\t\t\t\tPhone\t\t\t\t\t\t\t<\/label>\n\t\t\t\t\t\t\t\t<input size=\"1\" type=\"tel\" name=\"form_fields[field_95c1f5c]\" id=\"form-field-field_95c1f5c\" class=\"elementor-field elementor-size-md  elementor-field-textual\" pattern=\"[0-9()#&amp;+*-=.]+\" title=\"Seuls les chiffres et les caract\u00e8res t\u00e9l\u00e9phoniques (#, -, *, etc.) sont accept\u00e9s.\">\n\n\t\t\t\t\t\t<\/div>\n\t\t\t\t\t\t\t\t<div class=\"elementor-field-type-email elementor-field-group elementor-column elementor-field-group-email elementor-col-100 elementor-field-required\">\n\t\t\t\t\t\t\t\t\t\t\t\t<label for=\"form-field-email\" class=\"elementor-field-label\">\n\t\t\t\t\t\t\t\tEmail\t\t\t\t\t\t\t<\/label>\n\t\t\t\t\t\t\t\t\t\t\t\t\t\t<input size=\"1\" type=\"email\" name=\"form_fields[email]\" id=\"form-field-email\" class=\"elementor-field elementor-size-md  elementor-field-textual\" required=\"required\">\n\t\t\t\t\t\t\t\t\t\t\t<\/div>\n\t\t\t\t\t\t\t\t<div class=\"elementor-field-type-textarea elementor-field-group elementor-column elementor-field-group-message elementor-col-100\">\n\t\t\t\t\t\t\t\t\t\t\t\t<label for=\"form-field-message\" class=\"elementor-field-label\">\n\t\t\t\t\t\t\t\tMessage\t\t\t\t\t\t\t<\/label>\n\t\t\t\t\t\t<textarea class=\"elementor-field-textual elementor-field  elementor-size-md\" name=\"form_fields[message]\" id=\"form-field-message\" rows=\"4\"><\/textarea>\t\t\t\t<\/div>\n\t\t\t\t\t\t\t\t<div class=\"elementor-field-type-recaptcha_v3 elementor-field-group elementor-column elementor-field-group-field_8bd64a9 elementor-col-100 recaptcha_v3-bottomright\">\n\t\t\t\t\t<div class=\"elementor-field\" id=\"form-field-field_8bd64a9\"><div class=\"elementor-g-recaptcha\" data-sitekey=\"6LdV-4crAAAAAJL7Fc7S4vYUmsB0wq1RMkCWOXn6\" data-type=\"v3\" data-action=\"Form\" data-badge=\"bottomright\" data-size=\"invisible\"><\/div><\/div>\t\t\t\t<\/div>\n\t\t\t\t\t\t\t\t<div class=\"elementor-field-group elementor-column elementor-field-type-submit elementor-col-100 e-form__buttons\">\n\t\t\t\t\t<button class=\"elementor-button elementor-size-sm elementor-animation-shrink\" type=\"submit\">\n\t\t\t\t\t\t<span class=\"elementor-button-content-wrapper\">\n\t\t\t\t\t\t\t\t\t\t\t\t\t\t\t\t\t\t\t\t\t\t<span class=\"elementor-button-text\">Send Message<\/span>\n\t\t\t\t\t\t\t\t\t\t\t\t\t<\/span>\n\t\t\t\t\t<\/button>\n\t\t\t\t<\/div>\n\t\t\t<\/div>\n\t\t<\/form>\n\t\t\t\t\t\t<\/div>\n\t\t\t\t<\/div>\n\t\t\t\t<\/div>\n\t\t\t\t<\/div>\n\t\t\t\t<\/div>\n\t\t","protected":false},"excerpt":{"rendered":"<p>Contacto Tem perguntas? Entre em contacto connosco!   Envie-nos uma mensagem Adoramos os nossos clientes, por isso, sinta-se \u00e0 vontade para fazer perguntas ou pedidos, enviando-nos uma mensagem no WhatsApp ou visitando-nos no Airbnb.<\/p>","protected":false},"author":2,"featured_media":0,"parent":0,"menu_order":0,"comment_status":"closed","ping_status":"closed","template":"","meta":{"footnotes":""},"class_list":["post-151","page","type-page","status-publish","hentry"],"_links":{"self":[{"href":"https:\/\/casa-azul-dr.com\/pt\/wp-json\/wp\/v2\/pages\/151","targetHints":{"allow":["GET"]}}],"collection":[{"href":"https:\/\/casa-azul-dr.com\/pt\/wp-json\/wp\/v2\/pages"}],"about":[{"href":"https:\/\/casa-azul-dr.com\/pt\/wp-json\/wp\/v2\/types\/page"}],"author":[{"embeddable":true,"href":"https:\/\/casa-azul-dr.com\/pt\/wp-json\/wp\/v2\/users\/2"}],"replies":[{"embeddable":true,"href":"https:\/\/casa-azul-dr.com\/pt\/wp-json\/wp\/v2\/comments?post=151"}],"version-history":[{"count":217,"href":"https:\/\/casa-azul-dr.com\/pt\/wp-json\/wp\/v2\/pages\/151\/revisions"}],"predecessor-version":[{"id":2094,"href":"https:\/\/casa-azul-dr.com\/pt\/wp-json\/wp\/v2\/pages\/151\/revisions\/2094"}],"wp:attachment":[{"href":"https:\/\/casa-azul-dr.com\/pt\/wp-json\/wp\/v2\/media?parent=151"}],"curies":[{"name":"wp","href":"https:\/\/api.w.org\/{rel}","templated":true}]}}