{"id":1530,"date":"2025-07-18T15:20:10","date_gmt":"2025-07-18T15:20:10","guid":{"rendered":"https:\/\/casa-azul-dr.com\/?post_type=product&#038;p=1530"},"modified":"2025-07-18T15:43:41","modified_gmt":"2025-07-18T15:43:41","slug":"discover-casa-azul","status":"publish","type":"product","link":"https:\/\/casa-azul-dr.com\/pt\/produto\/discover-casa-azul\/","title":{"rendered":"Descobrir a Casa Azul"},"content":{"rendered":"<p>O nosso rec\u00e9m-renovado condom\u00ednio de 2 quartos e 2 casas de banho ir\u00e1 proporcionar-lhe conforto durante a sua estadia, e receb\u00ea-lo com um ambiente paisag\u00edstico bonito para um ambiente sereno e tranquilo. Desfrute do acesso Wi-Fi de alta velocidade e da televis\u00e3o por cabo, e sinta-se \u00e0 vontade para dar um mergulho na piscina enquanto utiliza as \u00e1reas de descanso. Fique descansado, o nosso condom\u00ednio est\u00e1 localizado num condom\u00ednio fechado e seguro com seguran\u00e7a 24 horas por dia, 7 dias por semana. Temos muito orgulho em manter um espa\u00e7o limpo e acolhedor para os nossos h\u00f3spedes. Estamos a uma curta caminhada de 5 minutos da praia e perto de muitos bares, restaurantes e mercados pr\u00f3ximos, onde pode mergulhar na atmosfera vibrante de Punta Cana.<\/p>","protected":false},"excerpt":{"rendered":"<p>Our newly completely renovated 2-bedroom, 2-bathroom condo will provide you with comfort during your stay, and greet you with beautifully landscaped surroundings for a serene and peaceful ambiance. Enjoy high-speed Wi-Fi and cable TV, and feel free to take a dip in the pool while making use of the lounging areas. Rest assured, our condo [&hellip;]<\/p>\n","protected":false},"featured_media":271,"comment_status":"open","ping_status":"closed","template":"","meta":[],"product_brand":[],"product_cat":[29],"product_tag":[],"class_list":{"0":"post-1530","1":"product","2":"type-product","3":"status-publish","4":"has-post-thumbnail","6":"product_cat-uncategorized","8":"first","9":"instock","10":"virtual","11":"sold-individually","12":"purchasable","13":"product-type-booking"},"_links":{"self":[{"href":"https:\/\/casa-azul-dr.com\/pt\/wp-json\/wp\/v2\/product\/1530","targetHints":{"allow":["GET"]}}],"collection":[{"href":"https:\/\/casa-azul-dr.com\/pt\/wp-json\/wp\/v2\/product"}],"about":[{"href":"https:\/\/casa-azul-dr.com\/pt\/wp-json\/wp\/v2\/types\/product"}],"replies":[{"embeddable":true,"href":"https:\/\/casa-azul-dr.com\/pt\/wp-json\/wp\/v2\/comments?post=1530"}],"wp:featuredmedia":[{"embeddable":true,"href":"https:\/\/casa-azul-dr.com\/pt\/wp-json\/wp\/v2\/media\/271"}],"wp:attachment":[{"href":"https:\/\/casa-azul-dr.com\/pt\/wp-json\/wp\/v2\/media?parent=1530"}],"wp:term":[{"taxonomy":"product_brand","embeddable":true,"href":"https:\/\/casa-azul-dr.com\/pt\/wp-json\/wp\/v2\/product_brand?post=1530"},{"taxonomy":"product_cat","embeddable":true,"href":"https:\/\/casa-azul-dr.com\/pt\/wp-json\/wp\/v2\/product_cat?post=1530"},{"taxonomy":"product_tag","embeddable":true,"href":"https:\/\/casa-azul-dr.com\/pt\/wp-json\/wp\/v2\/product_tag?post=1530"}],"curies":[{"name":"wp","href":"https:\/\/api.w.org\/{rel}","templated":true}]}}